{"id":74,"date":"2025-10-10T19:12:15","date_gmt":"2025-10-10T19:12:15","guid":{"rendered":"https:\/\/mandalagenius.com\/tr\/?page_id=74"},"modified":"2025-10-10T20:12:07","modified_gmt":"2025-10-10T20:12:07","slug":"kullanim-kosullari","status":"publish","type":"page","link":"https:\/\/mandalagenius.com\/tr\/kullanim-kosullari\/","title":{"rendered":"KULLANIM KO\u015eULLARI"},"content":{"rendered":"\n<h3 class=\"wp-block-heading\"><strong>KULLANIM KO\u015eULLARI<\/strong><\/h3>\n\n\n\n<p><strong>Son G\u00fcncelleme: 10 Ekim 2025<\/strong><\/p>\n\n\n\n<p><strong><a href=\"https:\/\/mandalagenius.com\/\" target=\"_blank\" rel=\"noreferrer noopener\">MandalaGenius.com<\/a>&nbsp;Kullan\u0131m Ko\u015fullar\u0131<\/strong><\/p>\n\n\n\n<p>L\u00fctfen&nbsp;<a href=\"https:\/\/mandalagenius.com\/\" target=\"_blank\" rel=\"noreferrer noopener\">MandalaGenius.com<\/a>&#8216;u&nbsp;kullanmadan \u00f6nce bu Kullan\u0131m Ko\u015fullar\u0131n\u0131 dikkatlice okuyun.<\/p>\n\n\n\n<p><strong>1. Ko\u015fullar\u0131 Kabul<\/strong><br><a href=\"https:\/\/mandalagenius.com\/\" target=\"_blank\" rel=\"noreferrer noopener\">MandalaGenius.com<\/a>&#8216;a&nbsp;eri\u015ferek ve kullanarak, bu s\u00f6zle\u015fmenin h\u00fck\u00fcm ve ko\u015fullar\u0131na ba\u011fl\u0131 kalmay\u0131 kabul ve taahh\u00fct edersiniz.<\/p>\n\n\n\n<p><strong>2. Fikri M\u00fclkiyet<\/strong><\/p>\n\n\n\n<p><strong>2.1. \u0130\u00e7eri\u011fimiz<\/strong><br>Sitede \u00f6nceden var olan t\u00fcm i\u00e7erik, metin, resimler, grafikler, logolar, mandala tasar\u0131mlar\u0131, makaleler ve \u00f6\u011freticilerle s\u0131n\u0131rl\u0131 olmamak \u00fczere,&nbsp;<a href=\"https:\/\/mandalagenius.com\/\" target=\"_blank\" rel=\"noreferrer noopener\">MandalaGenius.com<\/a>&#8216;un&nbsp;m\u00fclkiyetindedir ve telif hakk\u0131 ve fikri m\u00fclkiyet yasalar\u0131yla korunmaktad\u0131r. A\u00e7\u0131k yaz\u0131l\u0131 izin olmadan i\u00e7eri\u011fimizi \u00e7o\u011faltamaz, da\u011f\u0131tamaz veya t\u00fcrev \u00e7al\u0131\u015fmalar olu\u015fturamazs\u0131n\u0131z.<\/p>\n\n\n\n<p><strong>2.2. Kullan\u0131c\u0131lar\u0131n Olu\u015fturdu\u011fu Mandalalar<\/strong><br>\u00c7evrimi\u00e7i mandala olu\u015fturucu arac\u0131m\u0131z\u0131 kullanarak mandala olu\u015fturup indirdi\u011finizde:<\/p>\n\n\n\n<ul class=\"wp-block-list\">\n<li>Olu\u015fturdu\u011funuz mandalalar\u0131n&nbsp;<strong>t\u00fcm m\u00fclkiyeti ve fikri m\u00fclkiyet haklar\u0131<\/strong>&nbsp;size aittir<\/li>\n\n\n\n<li>Ki\u015fiselle\u015ftirilmi\u015f mandala tasar\u0131mlar\u0131n\u0131z \u00fczerinde herhangi bir m\u00fclkiyet hakk\u0131 iddia etmiyoruz<\/li>\n\n\n\n<li>Olu\u015fturdu\u011funuz mandalalar\u0131 istedi\u011finiz gibi kullanmakta, payla\u015fmakta, satmakta veya da\u011f\u0131tmakta \u00f6zg\u00fcrs\u00fcn\u00fcz<\/li>\n\n\n\n<li>\u0130ndirdikten sonra ki\u015fiselle\u015ftirilmi\u015f mandala tasar\u0131mlar\u0131n\u0131z\u0131n kopyalar\u0131n\u0131 sunucular\u0131m\u0131zda saklam\u0131yoruz<\/li>\n<\/ul>\n\n\n\n<p><strong>3. Kullan\u0131c\u0131 Sorumluluklar\u0131<\/strong><br>Web sitesini yaln\u0131zca yasal ama\u00e7lar i\u00e7in kullanmay\u0131 kabul edersiniz. Yasa d\u0131\u015f\u0131, tehdit edici veya ihlal edici her t\u00fcrl\u00fc materyali yay\u0131nlamaktan veya iletmekten, yasaya g\u00f6re herhangi bir medeni veya cezai sorumluluk do\u011furabilecek her t\u00fcrl\u00fc materyali yay\u0131nlamaktan veya iletmekten men edilirsiniz.<\/p>\n\n\n\n<p><strong>4. Kullan\u0131c\u0131 Taraf\u0131ndan Olu\u015fturulan \u0130\u00e7erik<\/strong><br>Sitemize yorum yay\u0131nlarsan\u0131z veya i\u00e7erik g\u00f6nderirseniz, bize bu i\u00e7eri\u011fi kullanma hakk\u0131 i\u00e7in m\u00fcnhas\u0131r olmayan, telif hakk\u0131 \u00f6demesiz bir lisans vermi\u015f olursunuz. G\u00f6nderdi\u011finiz i\u00e7erikten yaln\u0131zca siz sorumlusunuz.<\/p>\n\n\n\n<p><strong>5. Fesih<\/strong><br>Bu Ko\u015fullar\u0131n ihlali durumunda, \u00f6nceden haber vermeden sitemize eri\u015fimi derhal sonland\u0131rabilir veya ask\u0131ya alabiliriz.<\/p>\n\n\n\n<p><strong>6. Uygulanacak Hukuk<\/strong><br>Bu Ko\u015fullar, kanun ihtilaf\u0131 h\u00fck\u00fcmleri dikkate al\u0131nmaks\u0131z\u0131n Amerika Birle\u015fik Devletleri yasalar\u0131na tabi olacakt\u0131r.<\/p>\n\n\n\n<p><strong>7. Ko\u015fullardaki De\u011fi\u015fiklikler<\/strong><br>Bu ko\u015fullar\u0131 istedi\u011fimiz zaman de\u011fi\u015ftirme hakk\u0131n\u0131 sakl\u0131 tutar\u0131z. Bunu, g\u00fcncellenmi\u015f ko\u015fullar\u0131 bu sayfada yay\u0131nlayarak yapaca\u011f\u0131z.<\/p>\n\n\n\n<p><strong>8. Bize Ula\u015f\u0131n<\/strong><br>Bu Kullan\u0131m Ko\u015fullar\u0131 hakk\u0131nda herhangi bir sorunuz varsa, l\u00fctfen bize \u015fu adresten ula\u015f\u0131n:&nbsp;<a href=\"https:\/\/mailto:mandalagenius@gmail.com\/\" target=\"_blank\" rel=\"noreferrer noopener\">mandalagenius@gmail.com<\/a><\/p>\n","protected":false},"excerpt":{"rendered":"<p>KULLANIM KO\u015eULLARI Son G\u00fcncelleme: 10 Ekim 2025 MandalaGenius.com&nbsp;Kullan\u0131m Ko\u015fullar\u0131 L\u00fctfen&nbsp;MandalaGenius.com&#8216;u&nbsp;kullanmadan \u00f6nce bu Kullan\u0131m Ko\u015fullar\u0131n\u0131 dikkatlice okuyun. 1. Ko\u015fullar\u0131 KabulMandalaGenius.com&#8216;a&nbsp;eri\u015ferek ve [&hellip;]<\/p>\n","protected":false},"author":1,"featured_media":0,"parent":0,"menu_order":0,"comment_status":"closed","ping_status":"closed","template":"","meta":{"site-sidebar-layout":"default","site-content-layout":"","ast-site-content-layout":"","site-content-style":"default","site-sidebar-style":"default","ast-global-header-display":"","ast-banner-title-visibility":"","ast-main-header-display":"","ast-hfb-above-header-display":"","ast-hfb-below-header-display":"","ast-hfb-mobile-header-display":"","site-post-title":"","ast-breadcrumbs-content":"","ast-featured-img":"","footer-sml-layout":"","theme-transparent-header-meta":"","adv-header-id-meta":"","stick-header-meta":"","header-above-stick-meta":"","header-main-stick-meta":"","header-below-stick-meta":"","astra-migrate-meta-layouts":"default","ast-page-background-enabled":"default","ast-page-background-meta":{"desktop":{"background-color":"var(--ast-global-color-5)","background-image":"","background-repeat":"repeat","background-position":"center center","background-size":"auto","background-attachment":"scroll","background-type":"","background-media":"","overlay-type":"","overlay-color":"","overlay-opacity":"","overlay-gradient":""},"tablet":{"background-color":"","background-image":"","background-repeat":"repeat","background-position":"center center","background-size":"auto","background-attachment":"scroll","background-type":"","background-media":"","overlay-type":"","overlay-color":"","overlay-opacity":"","overlay-gradient":""},"mobile":{"background-color":"","background-image":"","background-repeat":"repeat","background-position":"center center","background-size":"auto","background-attachment":"scroll","background-type":"","background-media":"","overlay-type":"","overlay-color":"","overlay-opacity":"","overlay-gradient":""}},"ast-content-background-meta":{"desktop":{"background-color":"var(--ast-global-color-4)","background-image":"","background-repeat":"repeat","background-position":"center center","background-size":"auto","background-attachment":"scroll","background-type":"","background-media":"","overlay-type":"","overlay-color":"","overlay-opacity":"","overlay-gradient":""},"tablet":{"background-color":"var(--ast-global-color-4)","background-image":"","background-repeat":"repeat","background-position":"center center","background-size":"auto","background-attachment":"scroll","background-type":"","background-media":"","overlay-type":"","overlay-color":"","overlay-opacity":"","overlay-gradient":""},"mobile":{"background-color":"var(--ast-global-color-4)","background-image":"","background-repeat":"repeat","background-position":"center center","background-size":"auto","background-attachment":"scroll","background-type":"","background-media":"","overlay-type":"","overlay-color":"","overlay-opacity":"","overlay-gradient":""}},"footnotes":""},"class_list":["post-74","page","type-page","status-publish","hentry"],"yoast_head":"<!-- This site is optimized with the Yoast SEO plugin v26.1.1 - https:\/\/yoast.com\/wordpress\/plugins\/seo\/ -->\n<title>KULLANIM KO\u015eULLARI - Mandala Genius<\/title>\n<meta name=\"robots\" content=\"index, follow, max-snippet:-1, max-image-preview:large, max-video-preview:-1\" \/>\n<link rel=\"canonical\" href=\"https:\/\/mandalagenius.com\/tr\/kullanim-kosullari\/\" \/>\n<meta property=\"og:locale\" content=\"tr_TR\" \/>\n<meta property=\"og:type\" content=\"article\" \/>\n<meta property=\"og:title\" content=\"KULLANIM KO\u015eULLARI - Mandala Genius\" \/>\n<meta property=\"og:description\" content=\"KULLANIM KO\u015eULLARI Son G\u00fcncelleme: 10 Ekim 2025 MandalaGenius.com&nbsp;Kullan\u0131m Ko\u015fullar\u0131 L\u00fctfen&nbsp;MandalaGenius.com&#8216;u&nbsp;kullanmadan \u00f6nce bu Kullan\u0131m Ko\u015fullar\u0131n\u0131 dikkatlice okuyun. 1. Ko\u015fullar\u0131 KabulMandalaGenius.com&#8216;a&nbsp;eri\u015ferek ve [&hellip;]\" \/>\n<meta property=\"og:url\" content=\"https:\/\/mandalagenius.com\/tr\/kullanim-kosullari\/\" \/>\n<meta property=\"og:site_name\" content=\"Mandala Genius\" \/>\n<meta property=\"article:modified_time\" content=\"2025-10-10T20:12:07+00:00\" \/>\n<meta name=\"twitter:card\" content=\"summary_large_image\" \/>\n<meta name=\"twitter:label1\" content=\"Tahmini okuma s\u00fcresi\" \/>\n\t<meta name=\"twitter:data1\" content=\"2 dakika\" \/>\n<script type=\"application\/ld+json\" class=\"yoast-schema-graph\">{\"@context\":\"https:\/\/schema.org\",\"@graph\":[{\"@type\":\"WebPage\",\"@id\":\"https:\/\/mandalagenius.com\/tr\/kullanim-kosullari\/\",\"url\":\"https:\/\/mandalagenius.com\/tr\/kullanim-kosullari\/\",\"name\":\"KULLANIM KO\u015eULLARI - Mandala Genius\",\"isPartOf\":{\"@id\":\"https:\/\/mandalagenius.com\/tr\/#website\"},\"datePublished\":\"2025-10-10T19:12:15+00:00\",\"dateModified\":\"2025-10-10T20:12:07+00:00\",\"breadcrumb\":{\"@id\":\"https:\/\/mandalagenius.com\/tr\/kullanim-kosullari\/#breadcrumb\"},\"inLanguage\":\"tr\",\"potentialAction\":[{\"@type\":\"ReadAction\",\"target\":[\"https:\/\/mandalagenius.com\/tr\/kullanim-kosullari\/\"]}]},{\"@type\":\"BreadcrumbList\",\"@id\":\"https:\/\/mandalagenius.com\/tr\/kullanim-kosullari\/#breadcrumb\",\"itemListElement\":[{\"@type\":\"ListItem\",\"position\":1,\"name\":\"Home\",\"item\":\"https:\/\/mandalagenius.com\/tr\/\"},{\"@type\":\"ListItem\",\"position\":2,\"name\":\"KULLANIM KO\u015eULLARI\"}]},{\"@type\":\"WebSite\",\"@id\":\"https:\/\/mandalagenius.com\/tr\/#website\",\"url\":\"https:\/\/mandalagenius.com\/tr\/\",\"name\":\"Mandala Genius\",\"description\":\"\",\"publisher\":{\"@id\":\"https:\/\/mandalagenius.com\/tr\/#organization\"},\"potentialAction\":[{\"@type\":\"SearchAction\",\"target\":{\"@type\":\"EntryPoint\",\"urlTemplate\":\"https:\/\/mandalagenius.com\/tr\/?s={search_term_string}\"},\"query-input\":{\"@type\":\"PropertyValueSpecification\",\"valueRequired\":true,\"valueName\":\"search_term_string\"}}],\"inLanguage\":\"tr\"},{\"@type\":\"Organization\",\"@id\":\"https:\/\/mandalagenius.com\/tr\/#organization\",\"name\":\"Mandala Genius\",\"url\":\"https:\/\/mandalagenius.com\/tr\/\",\"logo\":{\"@type\":\"ImageObject\",\"inLanguage\":\"tr\",\"@id\":\"https:\/\/mandalagenius.com\/tr\/#\/schema\/logo\/image\/\",\"url\":\"https:\/\/mandalagenius.com\/tr\/wp-content\/uploads\/sites\/7\/2025\/04\/cropped-Untitled-design-26.png\",\"contentUrl\":\"https:\/\/mandalagenius.com\/tr\/wp-content\/uploads\/sites\/7\/2025\/04\/cropped-Untitled-design-26.png\",\"width\":801,\"height\":755,\"caption\":\"Mandala Genius\"},\"image\":{\"@id\":\"https:\/\/mandalagenius.com\/tr\/#\/schema\/logo\/image\/\"}}]}<\/script>\n<!-- \/ Yoast SEO plugin. -->","yoast_head_json":{"title":"KULLANIM KO\u015eULLARI - Mandala Genius","robots":{"index":"index","follow":"follow","max-snippet":"max-snippet:-1","max-image-preview":"max-image-preview:large","max-video-preview":"max-video-preview:-1"},"canonical":"https:\/\/mandalagenius.com\/tr\/kullanim-kosullari\/","og_locale":"tr_TR","og_type":"article","og_title":"KULLANIM KO\u015eULLARI - Mandala Genius","og_description":"KULLANIM KO\u015eULLARI Son G\u00fcncelleme: 10 Ekim 2025 MandalaGenius.com&nbsp;Kullan\u0131m Ko\u015fullar\u0131 L\u00fctfen&nbsp;MandalaGenius.com&#8216;u&nbsp;kullanmadan \u00f6nce bu Kullan\u0131m Ko\u015fullar\u0131n\u0131 dikkatlice okuyun. 1. Ko\u015fullar\u0131 KabulMandalaGenius.com&#8216;a&nbsp;eri\u015ferek ve [&hellip;]","og_url":"https:\/\/mandalagenius.com\/tr\/kullanim-kosullari\/","og_site_name":"Mandala Genius","article_modified_time":"2025-10-10T20:12:07+00:00","twitter_card":"summary_large_image","twitter_misc":{"Tahmini okuma s\u00fcresi":"2 dakika"},"schema":{"@context":"https:\/\/schema.org","@graph":[{"@type":"WebPage","@id":"https:\/\/mandalagenius.com\/tr\/kullanim-kosullari\/","url":"https:\/\/mandalagenius.com\/tr\/kullanim-kosullari\/","name":"KULLANIM KO\u015eULLARI - Mandala Genius","isPartOf":{"@id":"https:\/\/mandalagenius.com\/tr\/#website"},"datePublished":"2025-10-10T19:12:15+00:00","dateModified":"2025-10-10T20:12:07+00:00","breadcrumb":{"@id":"https:\/\/mandalagenius.com\/tr\/kullanim-kosullari\/#breadcrumb"},"inLanguage":"tr","potentialAction":[{"@type":"ReadAction","target":["https:\/\/mandalagenius.com\/tr\/kullanim-kosullari\/"]}]},{"@type":"BreadcrumbList","@id":"https:\/\/mandalagenius.com\/tr\/kullanim-kosullari\/#breadcrumb","itemListElement":[{"@type":"ListItem","position":1,"name":"Home","item":"https:\/\/mandalagenius.com\/tr\/"},{"@type":"ListItem","position":2,"name":"KULLANIM KO\u015eULLARI"}]},{"@type":"WebSite","@id":"https:\/\/mandalagenius.com\/tr\/#website","url":"https:\/\/mandalagenius.com\/tr\/","name":"Mandala Genius","description":"","publisher":{"@id":"https:\/\/mandalagenius.com\/tr\/#organization"},"potentialAction":[{"@type":"SearchAction","target":{"@type":"EntryPoint","urlTemplate":"https:\/\/mandalagenius.com\/tr\/?s={search_term_string}"},"query-input":{"@type":"PropertyValueSpecification","valueRequired":true,"valueName":"search_term_string"}}],"inLanguage":"tr"},{"@type":"Organization","@id":"https:\/\/mandalagenius.com\/tr\/#organization","name":"Mandala Genius","url":"https:\/\/mandalagenius.com\/tr\/","logo":{"@type":"ImageObject","inLanguage":"tr","@id":"https:\/\/mandalagenius.com\/tr\/#\/schema\/logo\/image\/","url":"https:\/\/mandalagenius.com\/tr\/wp-content\/uploads\/sites\/7\/2025\/04\/cropped-Untitled-design-26.png","contentUrl":"https:\/\/mandalagenius.com\/tr\/wp-content\/uploads\/sites\/7\/2025\/04\/cropped-Untitled-design-26.png","width":801,"height":755,"caption":"Mandala Genius"},"image":{"@id":"https:\/\/mandalagenius.com\/tr\/#\/schema\/logo\/image\/"}}]}},"_links":{"self":[{"href":"https:\/\/mandalagenius.com\/tr\/wp-json\/wp\/v2\/pages\/74","targetHints":{"allow":["GET"]}}],"collection":[{"href":"https:\/\/mandalagenius.com\/tr\/wp-json\/wp\/v2\/pages"}],"about":[{"href":"https:\/\/mandalagenius.com\/tr\/wp-json\/wp\/v2\/types\/page"}],"author":[{"embeddable":true,"href":"https:\/\/mandalagenius.com\/tr\/wp-json\/wp\/v2\/users\/1"}],"replies":[{"embeddable":true,"href":"https:\/\/mandalagenius.com\/tr\/wp-json\/wp\/v2\/comments?post=74"}],"version-history":[{"count":2,"href":"https:\/\/mandalagenius.com\/tr\/wp-json\/wp\/v2\/pages\/74\/revisions"}],"predecessor-version":[{"id":78,"href":"https:\/\/mandalagenius.com\/tr\/wp-json\/wp\/v2\/pages\/74\/revisions\/78"}],"wp:attachment":[{"href":"https:\/\/mandalagenius.com\/tr\/wp-json\/wp\/v2\/media?parent=74"}],"curies":[{"name":"wp","href":"https:\/\/api.w.org\/{rel}","templated":true}]}}