{"id":72,"date":"2025-10-10T19:11:38","date_gmt":"2025-10-10T19:11:38","guid":{"rendered":"https:\/\/mandalagenius.com\/tr\/?page_id=72"},"modified":"2025-10-10T20:12:38","modified_gmt":"2025-10-10T20:12:38","slug":"sorumluluk-reddi","status":"publish","type":"page","link":"https:\/\/mandalagenius.com\/tr\/sorumluluk-reddi\/","title":{"rendered":"SORUMLULUK REDD\u0130"},"content":{"rendered":"\n<h3 class=\"wp-block-heading\"><\/h3>\n\n\n\n<p><strong>Son G\u00fcncelleme: 10 Ekim 2025<\/strong><\/p>\n\n\n\n<p><strong><a href=\"https:\/\/mandalagenius.com\/\" target=\"_blank\" rel=\"noreferrer noopener\">MandalaGenius.com<\/a>&nbsp;Sorumluluk Reddi<\/strong><\/p>\n\n\n\n<p><strong>1. Genel Bilgiler<\/strong><br><a href=\"https:\/\/mandalagenius.com\/\" target=\"_blank\" rel=\"noreferrer noopener\">MandalaGenius.com<\/a>&#8216;da&nbsp;sa\u011flanan bilgiler yaln\u0131zca genel bilgilendirme ve e\u011flence ama\u00e7l\u0131d\u0131r. Sitedeki t\u00fcm i\u00e7erik iyi niyetle sa\u011flanm\u0131\u015f olmakla birlikte, sitedeki herhangi bir bilginin do\u011frulu\u011fu, yeterlili\u011fi, ge\u00e7erlili\u011fi, g\u00fcvenilirli\u011fi, kullan\u0131labilirli\u011fi veya b\u00fct\u00fcnl\u00fc\u011f\u00fc konusunda herhangi bir t\u00fcrde, a\u00e7\u0131k veya z\u0131mni, hi\u00e7bir teminat veya garanti vermiyoruz.<\/p>\n\n\n\n<p><strong>2. Profesyonel Tavsiye De\u011fildir<\/strong><br><a href=\"https:\/\/mandalagenius.com\/\" target=\"_blank\" rel=\"noreferrer noopener\">MandalaGenius.com<\/a>&#8216;daki&nbsp;i\u00e7erik, profesyonel tavsiyenin yerine ge\u00e7mesi ama\u00e7lanmam\u0131\u015ft\u0131r; t\u0131bbi, psikolojik, finansal, yasal veya di\u011fer profesyonel tavsiyelerle s\u0131n\u0131rl\u0131 olmamak \u00fczere. Herhangi bir durum veya endi\u015feyle ilgili olarak daima nitelikli profesyonellerin tavsiyesine ba\u015fvurun. Bu web sitesinde okudu\u011funuz bir \u015fey nedeniyle profesyonel t\u0131bbi tavsiyeyi asla g\u00f6rmezden gelmeyin veya aramay\u0131 geciktirmeyin.<\/p>\n\n\n\n<p><strong>3. Kullan\u0131c\u0131lar\u0131n Olu\u015fturdu\u011fu Mandalalar<\/strong><br>Sitemizdeki mandala olu\u015fturucu arac\u0131, orijinal mandala tasar\u0131mlar\u0131 olu\u015fturman\u0131za ve indirmenize olanak tan\u0131r. Arac\u0131m\u0131z\u0131 kullanarak olu\u015fturdu\u011funuz mandalalar\u0131n tam m\u00fclkiyetini ve t\u00fcm fikri m\u00fclkiyet haklar\u0131n\u0131 elinizde tutars\u0131n\u0131z. Ki\u015fiselle\u015ftirilmi\u015f tasar\u0131mlar\u0131n\u0131z \u00fczerinde herhangi bir hak iddia etmiyoruz ve onlar\u0131 nas\u0131l kullanmay\u0131 se\u00e7ti\u011finizden sorumlu de\u011filiz.<\/p>\n\n\n\n<p><strong>4. Sanatsal ve Ki\u015fisel Kullan\u0131m<\/strong><br>Bu sitede sa\u011flanan herhangi bir mandala tasar\u0131m\u0131, sanat tekni\u011fi veya yarat\u0131c\u0131 \u00f6neri ki\u015fisel kullan\u0131m ve keyif i\u00e7indir. Sonu\u00e7lar de\u011fi\u015febilir ve yarat\u0131c\u0131 s\u00fcre\u00e7le olan bireysel deneyiminizden sorumlu de\u011filiz.<\/p>\n\n\n\n<p><strong>5. Harici Ba\u011flant\u0131lar<\/strong><br>Sitemiz, bizim taraf\u0131m\u0131zdan sa\u011flanmayan veya s\u00fcrd\u00fcr\u00fclmeyen harici web sitelerine ba\u011flant\u0131lar i\u00e7erebilir. Bu harici web sitelerindeki herhangi bir bilginin do\u011frulu\u011fu, alaka d\u00fczeyi, zamanl\u0131l\u0131\u011f\u0131 veya b\u00fct\u00fcnl\u00fc\u011f\u00fc konusunda garanti vermiyoruz.<\/p>\n\n\n\n<p><strong>6. Sorumluluk S\u0131n\u0131rlamas\u0131<\/strong><br>Hi\u00e7bir ko\u015fulda&nbsp;<a href=\"https:\/\/mandalagenius.com\/\" target=\"_blank\" rel=\"noreferrer noopener\">MandalaGenius.com<\/a>&nbsp;veya sahipleri, sitenin kullan\u0131m\u0131 veya sitedeki herhangi bir bilgiye g\u00fcvenilmesi sonucunda ortaya \u00e7\u0131kan her t\u00fcrl\u00fc kay\u0131p veya hasardan sorumlu tutulamaz. Sitenin kullan\u0131m\u0131 ve sitedeki herhangi bir bilgiye g\u00fcvenmeniz tamamen kendi riskinizdir.<\/p>\n\n\n\n<p><strong>Bize Ula\u015f\u0131n<\/strong><br>Bu Sorumluluk Reddi hakk\u0131nda herhangi bir sorunuz varsa, l\u00fctfen bize \u015fu adresten ula\u015f\u0131n:&nbsp;<a href=\"https:\/\/mailto:mandalagenius@gmail.com\/\" target=\"_blank\" rel=\"noreferrer noopener\">mandalagenius@gmail.com<\/a><\/p>\n","protected":false},"excerpt":{"rendered":"<p>Son G\u00fcncelleme: 10 Ekim 2025 MandalaGenius.com&nbsp;Sorumluluk Reddi 1. Genel BilgilerMandalaGenius.com&#8216;da&nbsp;sa\u011flanan bilgiler yaln\u0131zca genel bilgilendirme ve e\u011flence ama\u00e7l\u0131d\u0131r. Sitedeki t\u00fcm i\u00e7erik [&hellip;]<\/p>\n","protected":false},"author":1,"featured_media":0,"parent":0,"menu_order":0,"comment_status":"closed","ping_status":"closed","template":"","meta":{"site-sidebar-layout":"default","site-content-layout":"","ast-site-content-layout":"","site-content-style":"default","site-sidebar-style":"default","ast-global-header-display":"","ast-banner-title-visibility":"","ast-main-header-display":"","ast-hfb-above-header-display":"","ast-hfb-below-header-display":"","ast-hfb-mobile-header-display":"","site-post-title":"","ast-breadcrumbs-content":"","ast-featured-img":"","footer-sml-layout":"","theme-transparent-header-meta":"","adv-header-id-meta":"","stick-header-meta":"","header-above-stick-meta":"","header-main-stick-meta":"","header-below-stick-meta":"","astra-migrate-meta-layouts":"default","ast-page-background-enabled":"default","ast-page-background-meta":{"desktop":{"background-color":"var(--ast-global-color-5)","background-image":"","background-repeat":"repeat","background-position":"center center","background-size":"auto","background-attachment":"scroll","background-type":"","background-media":"","overlay-type":"","overlay-color":"","overlay-opacity":"","overlay-gradient":""},"tablet":{"background-color":"","background-image":"","background-repeat":"repeat","background-position":"center center","background-size":"auto","background-attachment":"scroll","background-type":"","background-media":"","overlay-type":"","overlay-color":"","overlay-opacity":"","overlay-gradient":""},"mobile":{"background-color":"","background-image":"","background-repeat":"repeat","background-position":"center center","background-size":"auto","background-attachment":"scroll","background-type":"","background-media":"","overlay-type":"","overlay-color":"","overlay-opacity":"","overlay-gradient":""}},"ast-content-background-meta":{"desktop":{"background-color":"var(--ast-global-color-4)","background-image":"","background-repeat":"repeat","background-position":"center center","background-size":"auto","background-attachment":"scroll","background-type":"","background-media":"","overlay-type":"","overlay-color":"","overlay-opacity":"","overlay-gradient":""},"tablet":{"background-color":"var(--ast-global-color-4)","background-image":"","background-repeat":"repeat","background-position":"center center","background-size":"auto","background-attachment":"scroll","background-type":"","background-media":"","overlay-type":"","overlay-color":"","overlay-opacity":"","overlay-gradient":""},"mobile":{"background-color":"var(--ast-global-color-4)","background-image":"","background-repeat":"repeat","background-position":"center center","background-size":"auto","background-attachment":"scroll","background-type":"","background-media":"","overlay-type":"","overlay-color":"","overlay-opacity":"","overlay-gradient":""}},"footnotes":""},"class_list":["post-72","page","type-page","status-publish","hentry"],"yoast_head":"<!-- This site is optimized with the Yoast SEO plugin v26.1.1 - https:\/\/yoast.com\/wordpress\/plugins\/seo\/ -->\n<title>SORUMLULUK REDD\u0130 - Mandala Genius<\/title>\n<meta name=\"robots\" content=\"index, follow, max-snippet:-1, max-image-preview:large, max-video-preview:-1\" \/>\n<link rel=\"canonical\" href=\"https:\/\/mandalagenius.com\/tr\/sorumluluk-reddi\/\" \/>\n<meta property=\"og:locale\" content=\"tr_TR\" \/>\n<meta property=\"og:type\" content=\"article\" \/>\n<meta property=\"og:title\" content=\"SORUMLULUK REDD\u0130 - Mandala Genius\" \/>\n<meta property=\"og:description\" content=\"Son G\u00fcncelleme: 10 Ekim 2025 MandalaGenius.com&nbsp;Sorumluluk Reddi 1. Genel BilgilerMandalaGenius.com&#8216;da&nbsp;sa\u011flanan bilgiler yaln\u0131zca genel bilgilendirme ve e\u011flence ama\u00e7l\u0131d\u0131r. Sitedeki t\u00fcm i\u00e7erik [&hellip;]\" \/>\n<meta property=\"og:url\" content=\"https:\/\/mandalagenius.com\/tr\/sorumluluk-reddi\/\" \/>\n<meta property=\"og:site_name\" content=\"Mandala Genius\" \/>\n<meta property=\"article:modified_time\" content=\"2025-10-10T20:12:38+00:00\" \/>\n<meta name=\"twitter:card\" content=\"summary_large_image\" \/>\n<meta name=\"twitter:label1\" content=\"Tahmini okuma s\u00fcresi\" \/>\n\t<meta name=\"twitter:data1\" content=\"2 dakika\" \/>\n<script type=\"application\/ld+json\" class=\"yoast-schema-graph\">{\"@context\":\"https:\/\/schema.org\",\"@graph\":[{\"@type\":\"WebPage\",\"@id\":\"https:\/\/mandalagenius.com\/tr\/sorumluluk-reddi\/\",\"url\":\"https:\/\/mandalagenius.com\/tr\/sorumluluk-reddi\/\",\"name\":\"SORUMLULUK REDD\u0130 - Mandala Genius\",\"isPartOf\":{\"@id\":\"https:\/\/mandalagenius.com\/tr\/#website\"},\"datePublished\":\"2025-10-10T19:11:38+00:00\",\"dateModified\":\"2025-10-10T20:12:38+00:00\",\"breadcrumb\":{\"@id\":\"https:\/\/mandalagenius.com\/tr\/sorumluluk-reddi\/#breadcrumb\"},\"inLanguage\":\"tr\",\"potentialAction\":[{\"@type\":\"ReadAction\",\"target\":[\"https:\/\/mandalagenius.com\/tr\/sorumluluk-reddi\/\"]}]},{\"@type\":\"BreadcrumbList\",\"@id\":\"https:\/\/mandalagenius.com\/tr\/sorumluluk-reddi\/#breadcrumb\",\"itemListElement\":[{\"@type\":\"ListItem\",\"position\":1,\"name\":\"Home\",\"item\":\"https:\/\/mandalagenius.com\/tr\/\"},{\"@type\":\"ListItem\",\"position\":2,\"name\":\"SORUMLULUK REDD\u0130\"}]},{\"@type\":\"WebSite\",\"@id\":\"https:\/\/mandalagenius.com\/tr\/#website\",\"url\":\"https:\/\/mandalagenius.com\/tr\/\",\"name\":\"Mandala Genius\",\"description\":\"\",\"publisher\":{\"@id\":\"https:\/\/mandalagenius.com\/tr\/#organization\"},\"potentialAction\":[{\"@type\":\"SearchAction\",\"target\":{\"@type\":\"EntryPoint\",\"urlTemplate\":\"https:\/\/mandalagenius.com\/tr\/?s={search_term_string}\"},\"query-input\":{\"@type\":\"PropertyValueSpecification\",\"valueRequired\":true,\"valueName\":\"search_term_string\"}}],\"inLanguage\":\"tr\"},{\"@type\":\"Organization\",\"@id\":\"https:\/\/mandalagenius.com\/tr\/#organization\",\"name\":\"Mandala Genius\",\"url\":\"https:\/\/mandalagenius.com\/tr\/\",\"logo\":{\"@type\":\"ImageObject\",\"inLanguage\":\"tr\",\"@id\":\"https:\/\/mandalagenius.com\/tr\/#\/schema\/logo\/image\/\",\"url\":\"https:\/\/mandalagenius.com\/tr\/wp-content\/uploads\/sites\/7\/2025\/04\/cropped-Untitled-design-26.png\",\"contentUrl\":\"https:\/\/mandalagenius.com\/tr\/wp-content\/uploads\/sites\/7\/2025\/04\/cropped-Untitled-design-26.png\",\"width\":801,\"height\":755,\"caption\":\"Mandala Genius\"},\"image\":{\"@id\":\"https:\/\/mandalagenius.com\/tr\/#\/schema\/logo\/image\/\"}}]}<\/script>\n<!-- \/ Yoast SEO plugin. -->","yoast_head_json":{"title":"SORUMLULUK REDD\u0130 - Mandala Genius","robots":{"index":"index","follow":"follow","max-snippet":"max-snippet:-1","max-image-preview":"max-image-preview:large","max-video-preview":"max-video-preview:-1"},"canonical":"https:\/\/mandalagenius.com\/tr\/sorumluluk-reddi\/","og_locale":"tr_TR","og_type":"article","og_title":"SORUMLULUK REDD\u0130 - Mandala Genius","og_description":"Son G\u00fcncelleme: 10 Ekim 2025 MandalaGenius.com&nbsp;Sorumluluk Reddi 1. Genel BilgilerMandalaGenius.com&#8216;da&nbsp;sa\u011flanan bilgiler yaln\u0131zca genel bilgilendirme ve e\u011flence ama\u00e7l\u0131d\u0131r. Sitedeki t\u00fcm i\u00e7erik [&hellip;]","og_url":"https:\/\/mandalagenius.com\/tr\/sorumluluk-reddi\/","og_site_name":"Mandala Genius","article_modified_time":"2025-10-10T20:12:38+00:00","twitter_card":"summary_large_image","twitter_misc":{"Tahmini okuma s\u00fcresi":"2 dakika"},"schema":{"@context":"https:\/\/schema.org","@graph":[{"@type":"WebPage","@id":"https:\/\/mandalagenius.com\/tr\/sorumluluk-reddi\/","url":"https:\/\/mandalagenius.com\/tr\/sorumluluk-reddi\/","name":"SORUMLULUK REDD\u0130 - Mandala Genius","isPartOf":{"@id":"https:\/\/mandalagenius.com\/tr\/#website"},"datePublished":"2025-10-10T19:11:38+00:00","dateModified":"2025-10-10T20:12:38+00:00","breadcrumb":{"@id":"https:\/\/mandalagenius.com\/tr\/sorumluluk-reddi\/#breadcrumb"},"inLanguage":"tr","potentialAction":[{"@type":"ReadAction","target":["https:\/\/mandalagenius.com\/tr\/sorumluluk-reddi\/"]}]},{"@type":"BreadcrumbList","@id":"https:\/\/mandalagenius.com\/tr\/sorumluluk-reddi\/#breadcrumb","itemListElement":[{"@type":"ListItem","position":1,"name":"Home","item":"https:\/\/mandalagenius.com\/tr\/"},{"@type":"ListItem","position":2,"name":"SORUMLULUK REDD\u0130"}]},{"@type":"WebSite","@id":"https:\/\/mandalagenius.com\/tr\/#website","url":"https:\/\/mandalagenius.com\/tr\/","name":"Mandala Genius","description":"","publisher":{"@id":"https:\/\/mandalagenius.com\/tr\/#organization"},"potentialAction":[{"@type":"SearchAction","target":{"@type":"EntryPoint","urlTemplate":"https:\/\/mandalagenius.com\/tr\/?s={search_term_string}"},"query-input":{"@type":"PropertyValueSpecification","valueRequired":true,"valueName":"search_term_string"}}],"inLanguage":"tr"},{"@type":"Organization","@id":"https:\/\/mandalagenius.com\/tr\/#organization","name":"Mandala Genius","url":"https:\/\/mandalagenius.com\/tr\/","logo":{"@type":"ImageObject","inLanguage":"tr","@id":"https:\/\/mandalagenius.com\/tr\/#\/schema\/logo\/image\/","url":"https:\/\/mandalagenius.com\/tr\/wp-content\/uploads\/sites\/7\/2025\/04\/cropped-Untitled-design-26.png","contentUrl":"https:\/\/mandalagenius.com\/tr\/wp-content\/uploads\/sites\/7\/2025\/04\/cropped-Untitled-design-26.png","width":801,"height":755,"caption":"Mandala Genius"},"image":{"@id":"https:\/\/mandalagenius.com\/tr\/#\/schema\/logo\/image\/"}}]}},"_links":{"self":[{"href":"https:\/\/mandalagenius.com\/tr\/wp-json\/wp\/v2\/pages\/72","targetHints":{"allow":["GET"]}}],"collection":[{"href":"https:\/\/mandalagenius.com\/tr\/wp-json\/wp\/v2\/pages"}],"about":[{"href":"https:\/\/mandalagenius.com\/tr\/wp-json\/wp\/v2\/types\/page"}],"author":[{"embeddable":true,"href":"https:\/\/mandalagenius.com\/tr\/wp-json\/wp\/v2\/users\/1"}],"replies":[{"embeddable":true,"href":"https:\/\/mandalagenius.com\/tr\/wp-json\/wp\/v2\/comments?post=72"}],"version-history":[{"count":2,"href":"https:\/\/mandalagenius.com\/tr\/wp-json\/wp\/v2\/pages\/72\/revisions"}],"predecessor-version":[{"id":79,"href":"https:\/\/mandalagenius.com\/tr\/wp-json\/wp\/v2\/pages\/72\/revisions\/79"}],"wp:attachment":[{"href":"https:\/\/mandalagenius.com\/tr\/wp-json\/wp\/v2\/media?parent=72"}],"curies":[{"name":"wp","href":"https:\/\/api.w.org\/{rel}","templated":true}]}}