{"id":70,"date":"2025-10-10T19:11:13","date_gmt":"2025-10-10T19:11:13","guid":{"rendered":"https:\/\/mandalagenius.com\/tr\/?page_id=70"},"modified":"2025-10-10T20:11:44","modified_gmt":"2025-10-10T20:11:44","slug":"gizlilik-politikasi","status":"publish","type":"page","link":"https:\/\/mandalagenius.com\/tr\/gizlilik-politikasi\/","title":{"rendered":"G\u0130ZL\u0130L\u0130K POL\u0130T\u0130KASI"},"content":{"rendered":"\n<h3 class=\"wp-block-heading\"><\/h3>\n\n\n\n<p><strong>Son G\u00fcncelleme: 10 Ekim 2025<\/strong><\/p>\n\n\n\n<p><strong><a href=\"https:\/\/mandalagenius.com\/\" target=\"_blank\" rel=\"noreferrer noopener\">MandalaGenius.com<\/a>&nbsp;Gizlilik Politikas\u0131<\/strong><\/p>\n\n\n\n<p>Bu Gizlilik Politikas\u0131,&nbsp;<a href=\"https:\/\/mandalagenius.com\/\" target=\"_blank\" rel=\"noreferrer noopener\">MandalaGenius.com<\/a>&#8216;un&nbsp;(&#8220;biz&#8221;, &#8220;bizim&#8221;) web sitemizi kulland\u0131\u011f\u0131n\u0131zda ki\u015fisel bilgilerinizi nas\u0131l toplad\u0131\u011f\u0131n\u0131, kulland\u0131\u011f\u0131n\u0131 ve payla\u015ft\u0131\u011f\u0131n\u0131 a\u00e7\u0131klamaktad\u0131r.<\/p>\n\n\n\n<p><strong>Toplad\u0131\u011f\u0131m\u0131z Bilgiler<\/strong><\/p>\n\n\n\n<p><strong>Otomatik Olarak Toplanan Bilgiler:<\/strong>&nbsp;<a href=\"https:\/\/mandalagenius.com\/\" target=\"_blank\" rel=\"noreferrer noopener\">MandalaGenius.com<\/a>&#8216;u&nbsp;ziyaret etti\u011finizde, cihaz\u0131n\u0131z hakk\u0131nda IP adresiniz, taray\u0131c\u0131 t\u00fcr\u00fcn\u00fcz, y\u00f6nlendiren\/\u00e7\u0131k\u0131\u015f sayfalar\u0131 ve ziyaretlerinizin tarih ve saatleri dahil belirli bilgileri otomatik olarak toplar\u0131z. Bunu \u00e7erezler, g\u00fcnl\u00fck dosyalar\u0131 ve benzeri teknolojiler kullanarak yap\u0131yoruz.<\/p>\n\n\n\n<p><strong>Bilgilerinizi Nas\u0131l Kullan\u0131yoruz?<\/strong><\/p>\n\n\n\n<p>Otomatik olarak toplanan bilgileri \u015funlar i\u00e7in kullan\u0131yoruz:<\/p>\n\n\n\n<ul class=\"wp-block-list\">\n<li>Web sitemizi i\u015fletmek, s\u00fcrd\u00fcrmek ve iyile\u015ftirmek.<\/li>\n\n\n\n<li>Kullan\u0131c\u0131lar\u0131n i\u00e7eri\u011fimizle nas\u0131l etkile\u015fime girdi\u011fini analiz etmek.<\/li>\n\n\n\n<li>Doland\u0131r\u0131c\u0131l\u0131k ve k\u00f6t\u00fcye kullan\u0131m\u0131 \u00f6nlemek.<\/li>\n\n\n\n<li>Size reklam g\u00f6stermek (a\u015fa\u011f\u0131da a\u00e7\u0131kland\u0131\u011f\u0131 gibi).<\/li>\n<\/ul>\n\n\n\n<p><strong>Reklam ve Google AdSense<\/strong><\/p>\n\n\n\n<p><a href=\"https:\/\/mandalagenius.com\/\" target=\"_blank\" rel=\"noreferrer noopener\">MandalaGenius.com<\/a>&#8216;da&nbsp;reklam g\u00f6stermek i\u00e7in Google AdSense kullan\u0131yoruz.<\/p>\n\n\n\n<ul class=\"wp-block-list\">\n<li><strong>\u00dc\u00e7\u00fcnc\u00fc Taraf Sat\u0131c\u0131lar:<\/strong>&nbsp;Google dahil \u00fc\u00e7\u00fcnc\u00fc taraf sat\u0131c\u0131lar, kullan\u0131c\u0131n\u0131n web sitenize veya di\u011fer web sitelerine \u00f6nceki ziyaretlerine dayal\u0131 reklam g\u00f6stermek i\u00e7in \u00e7erezleri kullan\u0131r.<\/li>\n\n\n\n<li><strong>Reklam \u00c7erezlerinin Kullan\u0131m\u0131:<\/strong>&nbsp;Google&#8217;\u0131n reklam \u00e7erezlerini kullanmas\u0131, Google ve i\u015f ortaklar\u0131n\u0131n size&nbsp;<a href=\"https:\/\/mandalagenius.com\/\" target=\"_blank\" rel=\"noreferrer noopener\">MandalaGenius.com<\/a>&nbsp;ve\/veya \u0130nternet&#8217;teki di\u011fer siteleri ziyaretinize dayal\u0131 reklam g\u00f6stermesini sa\u011flar.<\/li>\n\n\n\n<li><strong>Tercihten \u00c7\u0131kma:<\/strong>&nbsp;<a href=\"https:\/\/adssettings.google.com\/\" target=\"_blank\" rel=\"noreferrer noopener\">Google&#8217;\u0131n Reklam Ayarlar\u0131<\/a>n\u0131 ziyaret ederek ki\u015fiselle\u015ftirilmi\u015f reklamc\u0131l\u0131ktan \u00e7\u0131kabilirsiniz. Alternatif olarak, bir \u00fc\u00e7\u00fcnc\u00fc taraf sat\u0131c\u0131n\u0131n ki\u015fiselle\u015ftirilmi\u015f reklamc\u0131l\u0131k i\u00e7in \u00e7erez kullan\u0131m\u0131ndan&nbsp;<a href=\"http:\/\/www.aboutads.info\/choices\/\" target=\"_blank\" rel=\"noreferrer noopener\">www.aboutads.info<\/a>&nbsp;adresini ziyaret ederek \u00e7\u0131kabilirsiniz.<\/li>\n<\/ul>\n\n\n\n<p>Google&#8217;\u0131n hizmetlerini kullanan sitelerden gelen verileri nas\u0131l kulland\u0131\u011f\u0131 hakk\u0131nda daha fazla bilgi i\u00e7in l\u00fctfen&nbsp;<a href=\"https:\/\/policies.google.com\/technologies\/partner-sites\" target=\"_blank\" rel=\"noreferrer noopener\">Google&#8217;\u0131n hizmetlerini kullanan siteler veya uygulamalardan gelen bilgileri nas\u0131l kulland\u0131\u011f\u0131na<\/a>&nbsp;bak\u0131n.<\/p>\n\n\n\n<p><strong>Kullan\u0131c\u0131 Taraf\u0131ndan Olu\u015fturulan \u0130\u00e7erik<\/strong><br>Mandala olu\u015fturucu arac\u0131m\u0131z\u0131 kulland\u0131\u011f\u0131n\u0131zda, olu\u015fturdu\u011funuz tasar\u0131mlar sizin fikri m\u00fclkiyetinizdir. Son mandala tasar\u0131mlar\u0131n\u0131za indirdikten sonra eri\u015femiyor veya saklam\u0131yoruz. Ge\u00e7ici veriler olu\u015fturma oturumu s\u0131ras\u0131nda i\u015flenebilir ancak kal\u0131c\u0131 olarak saklanmaz.<\/p>\n\n\n\n<p><strong>Bilgilerinizin Payla\u015f\u0131lmas\u0131<\/strong><\/p>\n\n\n\n<p>Ki\u015fisel bilgilerinizi \u00fc\u00e7\u00fcnc\u00fc taraflara satm\u0131yor, ticaretini yapm\u0131yor veya kiralam\u0131yoruz. Yukar\u0131da belirtilen ama\u00e7lar i\u00e7in i\u015f ortaklar\u0131m\u0131z ve reklamverenlerle ziyaret\u00e7iler ve kullan\u0131c\u0131lar hakk\u0131nda ki\u015fisel bilgilerle ba\u011flant\u0131l\u0131 olmayan genel toplanm\u0131\u015f demografik bilgileri payla\u015fabiliriz.<\/p>\n\n\n\n<p>Web sitemizi i\u015fletmemize, i\u015fimizi y\u00fcr\u00fctmemize veya kullan\u0131c\u0131lar\u0131m\u0131za hizmet etmemize yard\u0131mc\u0131 olan \u00fc\u00e7\u00fcnc\u00fc taraf hizmet sa\u011flay\u0131c\u0131lar\u0131yla, bu taraflar bu bilgileri gizli tutmay\u0131 kabul ettikleri s\u00fcrece bilgi payla\u015fabiliriz.<\/p>\n\n\n\n<p><strong>Haklar\u0131n\u0131z<\/strong><\/p>\n\n\n\n<p>Bulundu\u011funuz yere ba\u011fl\u0131 olarak, ki\u015fisel bilgilerinizle ilgili olarak, hakk\u0131m\u0131zda tuttu\u011fumuz verilere eri\u015fme, d\u00fczeltme veya silme hakk\u0131 gibi haklara sahip olabilirsiniz. Bu haklar\u0131 kullanmak i\u00e7in l\u00fctfen bize \u015fu adresten ula\u015f\u0131n:&nbsp;<a href=\"https:\/\/mailto:mandalagenius@gmail.com\/\" target=\"_blank\" rel=\"noreferrer noopener\">mandalagenius@gmail.com<\/a><\/p>\n\n\n\n<p><strong>Bu Gizlilik Politikas\u0131ndaki De\u011fi\u015fiklikler<\/strong><\/p>\n\n\n\n<p>Bu Gizlilik Politikas\u0131n\u0131 zaman zaman g\u00fcncelleyebiliriz. De\u011fi\u015fiklikleri, yeni Gizlilik Politikas\u0131n\u0131 bu sayfada yay\u0131nlayarak ve &#8220;Son G\u00fcncelleme&#8221; tarihini g\u00fcncelleyerek size bildirece\u011fiz.<\/p>\n\n\n\n<p><strong>Bize Ula\u015f\u0131n<\/strong><\/p>\n\n\n\n<p>Bu Gizlilik Politikas\u0131 hakk\u0131nda herhangi bir sorunuz varsa, l\u00fctfen bize \u015fu adresten ula\u015f\u0131n:&nbsp;<a href=\"https:\/\/mailto:mandalagenius@gmail.com\/\" target=\"_blank\" rel=\"noreferrer noopener\">mandalagenius@gmail.com<\/a><\/p>\n","protected":false},"excerpt":{"rendered":"<p>Son G\u00fcncelleme: 10 Ekim 2025 MandalaGenius.com&nbsp;Gizlilik Politikas\u0131 Bu Gizlilik Politikas\u0131,&nbsp;MandalaGenius.com&#8216;un&nbsp;(&#8220;biz&#8221;, &#8220;bizim&#8221;) web sitemizi kulland\u0131\u011f\u0131n\u0131zda ki\u015fisel bilgilerinizi nas\u0131l toplad\u0131\u011f\u0131n\u0131, kulland\u0131\u011f\u0131n\u0131 ve [&hellip;]<\/p>\n","protected":false},"author":1,"featured_media":0,"parent":0,"menu_order":0,"comment_status":"closed","ping_status":"closed","template":"","meta":{"site-sidebar-layout":"default","site-content-layout":"","ast-site-content-layout":"","site-content-style":"default","site-sidebar-style":"default","ast-global-header-display":"","ast-banner-title-visibility":"","ast-main-header-display":"","ast-hfb-above-header-display":"","ast-hfb-below-header-display":"","ast-hfb-mobile-header-display":"","site-post-title":"","ast-breadcrumbs-content":"","ast-featured-img":"","footer-sml-layout":"","theme-transparent-header-meta":"","adv-header-id-meta":"","stick-header-meta":"","header-above-stick-meta":"","header-main-stick-meta":"","header-below-stick-meta":"","astra-migrate-meta-layouts":"default","ast-page-background-enabled":"default","ast-page-background-meta":{"desktop":{"background-color":"var(--ast-global-color-5)","background-image":"","background-repeat":"repeat","background-position":"center center","background-size":"auto","background-attachment":"scroll","background-type":"","background-media":"","overlay-type":"","overlay-color":"","overlay-opacity":"","overlay-gradient":""},"tablet":{"background-color":"","background-image":"","background-repeat":"repeat","background-position":"center center","background-size":"auto","background-attachment":"scroll","background-type":"","background-media":"","overlay-type":"","overlay-color":"","overlay-opacity":"","overlay-gradient":""},"mobile":{"background-color":"","background-image":"","background-repeat":"repeat","background-position":"center center","background-size":"auto","background-attachment":"scroll","background-type":"","background-media":"","overlay-type":"","overlay-color":"","overlay-opacity":"","overlay-gradient":""}},"ast-content-background-meta":{"desktop":{"background-color":"var(--ast-global-color-4)","background-image":"","background-repeat":"repeat","background-position":"center center","background-size":"auto","background-attachment":"scroll","background-type":"","background-media":"","overlay-type":"","overlay-color":"","overlay-opacity":"","overlay-gradient":""},"tablet":{"background-color":"var(--ast-global-color-4)","background-image":"","background-repeat":"repeat","background-position":"center center","background-size":"auto","background-attachment":"scroll","background-type":"","background-media":"","overlay-type":"","overlay-color":"","overlay-opacity":"","overlay-gradient":""},"mobile":{"background-color":"var(--ast-global-color-4)","background-image":"","background-repeat":"repeat","background-position":"center center","background-size":"auto","background-attachment":"scroll","background-type":"","background-media":"","overlay-type":"","overlay-color":"","overlay-opacity":"","overlay-gradient":""}},"footnotes":""},"class_list":["post-70","page","type-page","status-publish","hentry"],"yoast_head":"<!-- This site is optimized with the Yoast SEO plugin v26.1.1 - https:\/\/yoast.com\/wordpress\/plugins\/seo\/ -->\n<title>G\u0130ZL\u0130L\u0130K POL\u0130T\u0130KASI - Mandala Genius<\/title>\n<meta name=\"robots\" content=\"index, follow, max-snippet:-1, max-image-preview:large, max-video-preview:-1\" \/>\n<link rel=\"canonical\" href=\"https:\/\/mandalagenius.com\/tr\/gizlilik-politikasi\/\" \/>\n<meta property=\"og:locale\" content=\"tr_TR\" \/>\n<meta property=\"og:type\" content=\"article\" \/>\n<meta property=\"og:title\" content=\"G\u0130ZL\u0130L\u0130K POL\u0130T\u0130KASI - Mandala Genius\" \/>\n<meta property=\"og:description\" content=\"Son G\u00fcncelleme: 10 Ekim 2025 MandalaGenius.com&nbsp;Gizlilik Politikas\u0131 Bu Gizlilik Politikas\u0131,&nbsp;MandalaGenius.com&#8216;un&nbsp;(&#8220;biz&#8221;, &#8220;bizim&#8221;) web sitemizi kulland\u0131\u011f\u0131n\u0131zda ki\u015fisel bilgilerinizi nas\u0131l toplad\u0131\u011f\u0131n\u0131, kulland\u0131\u011f\u0131n\u0131 ve [&hellip;]\" \/>\n<meta property=\"og:url\" content=\"https:\/\/mandalagenius.com\/tr\/gizlilik-politikasi\/\" \/>\n<meta property=\"og:site_name\" content=\"Mandala Genius\" \/>\n<meta property=\"article:modified_time\" content=\"2025-10-10T20:11:44+00:00\" \/>\n<meta name=\"twitter:card\" content=\"summary_large_image\" \/>\n<meta name=\"twitter:label1\" content=\"Tahmini okuma s\u00fcresi\" \/>\n\t<meta name=\"twitter:data1\" content=\"3 dakika\" \/>\n<script type=\"application\/ld+json\" class=\"yoast-schema-graph\">{\"@context\":\"https:\/\/schema.org\",\"@graph\":[{\"@type\":\"WebPage\",\"@id\":\"https:\/\/mandalagenius.com\/tr\/gizlilik-politikasi\/\",\"url\":\"https:\/\/mandalagenius.com\/tr\/gizlilik-politikasi\/\",\"name\":\"G\u0130ZL\u0130L\u0130K POL\u0130T\u0130KASI - Mandala Genius\",\"isPartOf\":{\"@id\":\"https:\/\/mandalagenius.com\/tr\/#website\"},\"datePublished\":\"2025-10-10T19:11:13+00:00\",\"dateModified\":\"2025-10-10T20:11:44+00:00\",\"breadcrumb\":{\"@id\":\"https:\/\/mandalagenius.com\/tr\/gizlilik-politikasi\/#breadcrumb\"},\"inLanguage\":\"tr\",\"potentialAction\":[{\"@type\":\"ReadAction\",\"target\":[\"https:\/\/mandalagenius.com\/tr\/gizlilik-politikasi\/\"]}]},{\"@type\":\"BreadcrumbList\",\"@id\":\"https:\/\/mandalagenius.com\/tr\/gizlilik-politikasi\/#breadcrumb\",\"itemListElement\":[{\"@type\":\"ListItem\",\"position\":1,\"name\":\"Home\",\"item\":\"https:\/\/mandalagenius.com\/tr\/\"},{\"@type\":\"ListItem\",\"position\":2,\"name\":\"G\u0130ZL\u0130L\u0130K POL\u0130T\u0130KASI\"}]},{\"@type\":\"WebSite\",\"@id\":\"https:\/\/mandalagenius.com\/tr\/#website\",\"url\":\"https:\/\/mandalagenius.com\/tr\/\",\"name\":\"Mandala Genius\",\"description\":\"\",\"publisher\":{\"@id\":\"https:\/\/mandalagenius.com\/tr\/#organization\"},\"potentialAction\":[{\"@type\":\"SearchAction\",\"target\":{\"@type\":\"EntryPoint\",\"urlTemplate\":\"https:\/\/mandalagenius.com\/tr\/?s={search_term_string}\"},\"query-input\":{\"@type\":\"PropertyValueSpecification\",\"valueRequired\":true,\"valueName\":\"search_term_string\"}}],\"inLanguage\":\"tr\"},{\"@type\":\"Organization\",\"@id\":\"https:\/\/mandalagenius.com\/tr\/#organization\",\"name\":\"Mandala Genius\",\"url\":\"https:\/\/mandalagenius.com\/tr\/\",\"logo\":{\"@type\":\"ImageObject\",\"inLanguage\":\"tr\",\"@id\":\"https:\/\/mandalagenius.com\/tr\/#\/schema\/logo\/image\/\",\"url\":\"https:\/\/mandalagenius.com\/tr\/wp-content\/uploads\/sites\/7\/2025\/04\/cropped-Untitled-design-26.png\",\"contentUrl\":\"https:\/\/mandalagenius.com\/tr\/wp-content\/uploads\/sites\/7\/2025\/04\/cropped-Untitled-design-26.png\",\"width\":801,\"height\":755,\"caption\":\"Mandala Genius\"},\"image\":{\"@id\":\"https:\/\/mandalagenius.com\/tr\/#\/schema\/logo\/image\/\"}}]}<\/script>\n<!-- \/ Yoast SEO plugin. -->","yoast_head_json":{"title":"G\u0130ZL\u0130L\u0130K POL\u0130T\u0130KASI - Mandala Genius","robots":{"index":"index","follow":"follow","max-snippet":"max-snippet:-1","max-image-preview":"max-image-preview:large","max-video-preview":"max-video-preview:-1"},"canonical":"https:\/\/mandalagenius.com\/tr\/gizlilik-politikasi\/","og_locale":"tr_TR","og_type":"article","og_title":"G\u0130ZL\u0130L\u0130K POL\u0130T\u0130KASI - Mandala Genius","og_description":"Son G\u00fcncelleme: 10 Ekim 2025 MandalaGenius.com&nbsp;Gizlilik Politikas\u0131 Bu Gizlilik Politikas\u0131,&nbsp;MandalaGenius.com&#8216;un&nbsp;(&#8220;biz&#8221;, &#8220;bizim&#8221;) web sitemizi kulland\u0131\u011f\u0131n\u0131zda ki\u015fisel bilgilerinizi nas\u0131l toplad\u0131\u011f\u0131n\u0131, kulland\u0131\u011f\u0131n\u0131 ve [&hellip;]","og_url":"https:\/\/mandalagenius.com\/tr\/gizlilik-politikasi\/","og_site_name":"Mandala Genius","article_modified_time":"2025-10-10T20:11:44+00:00","twitter_card":"summary_large_image","twitter_misc":{"Tahmini okuma s\u00fcresi":"3 dakika"},"schema":{"@context":"https:\/\/schema.org","@graph":[{"@type":"WebPage","@id":"https:\/\/mandalagenius.com\/tr\/gizlilik-politikasi\/","url":"https:\/\/mandalagenius.com\/tr\/gizlilik-politikasi\/","name":"G\u0130ZL\u0130L\u0130K POL\u0130T\u0130KASI - Mandala Genius","isPartOf":{"@id":"https:\/\/mandalagenius.com\/tr\/#website"},"datePublished":"2025-10-10T19:11:13+00:00","dateModified":"2025-10-10T20:11:44+00:00","breadcrumb":{"@id":"https:\/\/mandalagenius.com\/tr\/gizlilik-politikasi\/#breadcrumb"},"inLanguage":"tr","potentialAction":[{"@type":"ReadAction","target":["https:\/\/mandalagenius.com\/tr\/gizlilik-politikasi\/"]}]},{"@type":"BreadcrumbList","@id":"https:\/\/mandalagenius.com\/tr\/gizlilik-politikasi\/#breadcrumb","itemListElement":[{"@type":"ListItem","position":1,"name":"Home","item":"https:\/\/mandalagenius.com\/tr\/"},{"@type":"ListItem","position":2,"name":"G\u0130ZL\u0130L\u0130K POL\u0130T\u0130KASI"}]},{"@type":"WebSite","@id":"https:\/\/mandalagenius.com\/tr\/#website","url":"https:\/\/mandalagenius.com\/tr\/","name":"Mandala Genius","description":"","publisher":{"@id":"https:\/\/mandalagenius.com\/tr\/#organization"},"potentialAction":[{"@type":"SearchAction","target":{"@type":"EntryPoint","urlTemplate":"https:\/\/mandalagenius.com\/tr\/?s={search_term_string}"},"query-input":{"@type":"PropertyValueSpecification","valueRequired":true,"valueName":"search_term_string"}}],"inLanguage":"tr"},{"@type":"Organization","@id":"https:\/\/mandalagenius.com\/tr\/#organization","name":"Mandala Genius","url":"https:\/\/mandalagenius.com\/tr\/","logo":{"@type":"ImageObject","inLanguage":"tr","@id":"https:\/\/mandalagenius.com\/tr\/#\/schema\/logo\/image\/","url":"https:\/\/mandalagenius.com\/tr\/wp-content\/uploads\/sites\/7\/2025\/04\/cropped-Untitled-design-26.png","contentUrl":"https:\/\/mandalagenius.com\/tr\/wp-content\/uploads\/sites\/7\/2025\/04\/cropped-Untitled-design-26.png","width":801,"height":755,"caption":"Mandala Genius"},"image":{"@id":"https:\/\/mandalagenius.com\/tr\/#\/schema\/logo\/image\/"}}]}},"_links":{"self":[{"href":"https:\/\/mandalagenius.com\/tr\/wp-json\/wp\/v2\/pages\/70","targetHints":{"allow":["GET"]}}],"collection":[{"href":"https:\/\/mandalagenius.com\/tr\/wp-json\/wp\/v2\/pages"}],"about":[{"href":"https:\/\/mandalagenius.com\/tr\/wp-json\/wp\/v2\/types\/page"}],"author":[{"embeddable":true,"href":"https:\/\/mandalagenius.com\/tr\/wp-json\/wp\/v2\/users\/1"}],"replies":[{"embeddable":true,"href":"https:\/\/mandalagenius.com\/tr\/wp-json\/wp\/v2\/comments?post=70"}],"version-history":[{"count":2,"href":"https:\/\/mandalagenius.com\/tr\/wp-json\/wp\/v2\/pages\/70\/revisions"}],"predecessor-version":[{"id":77,"href":"https:\/\/mandalagenius.com\/tr\/wp-json\/wp\/v2\/pages\/70\/revisions\/77"}],"wp:attachment":[{"href":"https:\/\/mandalagenius.com\/tr\/wp-json\/wp\/v2\/media?parent=70"}],"curies":[{"name":"wp","href":"https:\/\/api.w.org\/{rel}","templated":true}]}}