{"id":2,"date":"2025-04-09T13:01:29","date_gmt":"2025-04-09T13:01:29","guid":{"rendered":"https:\/\/mandalagenius.com\/tr\/?page_id=2"},"modified":"2025-10-15T17:48:57","modified_gmt":"2025-10-15T17:48:57","slug":"mandala-ciz","status":"publish","type":"page","link":"https:\/\/mandalagenius.com\/tr\/","title":{"rendered":"Mandala \u00c7izim Arac\u0131"},"content":{"rendered":"<style>\n        #mandala-maker-69e1ac2827633 {\n            width: 100%;\n            height: 600px;\n        }\n    <\/style>    <div id=\"mandala-maker-69e1ac2827633\" class=\"mandala-maker-container \">\n        <div class=\"mandala-maker-wrapper\">\n            <!-- Main Canvas Container -->\n            <div class=\"canvas-container\">\n                <canvas id=\"drawingCanvas\" width=\"800\" height=\"800\"><\/canvas>\n                <canvas id=\"gridCanvas\" width=\"800\" height=\"800\"><\/canvas>\n            <\/div>\n            \n            <!-- Controls Container (Desktop) -->\n            <div class=\"controls\" id=\"controlsContainer\"><\/div>\n            \n            <!-- Mobile Menu Toggle -->\n            <button id=\"mobileMenuToggle\" class=\"mobile-menu-toggle\">\n                <span><\/span>\n                <span><\/span>\n                <span><\/span>\n            <\/button>\n            \n            <!-- Mobile Controls -->\n            <div class=\"mobile-controls\">\n                <div class=\"mobile-controls-header\">\n                    <h2>Mandala Maker Tools<\/h2>\n                    <button id=\"closeMobileMenu\" class=\"close-mobile-menu\">&times;<\/button>\n                <\/div>\n                <div class=\"mobile-controls-content\" id=\"mobileControlsContainer\"><\/div>\n            <\/div>\n        <\/div>\n    <\/div>\n    <script>\n        document.addEventListener('DOMContentLoaded', function() {\n            \/\/ Initialize the Mandala Maker on the specific container\n            var container = document.getElementById('mandala-maker-69e1ac2827633');\n            if (container) {\n                initMandalaPlugin(container);\n            }\n        });\n    <\/script>\n    \n","protected":false},"excerpt":{"rendered":"","protected":false},"author":1,"featured_media":0,"parent":0,"menu_order":0,"comment_status":"closed","ping_status":"closed","template":"","meta":{"site-sidebar-layout":"default","site-content-layout":"","ast-site-content-layout":"","site-content-style":"default","site-sidebar-style":"default","ast-global-header-display":"","ast-banner-title-visibility":"","ast-main-header-display":"","ast-hfb-above-header-display":"","ast-hfb-below-header-display":"","ast-hfb-mobile-header-display":"","site-post-title":"disabled","ast-breadcrumbs-content":"","ast-featured-img":"","footer-sml-layout":"","theme-transparent-header-meta":"","adv-header-id-meta":"","stick-header-meta":"","header-above-stick-meta":"","header-main-stick-meta":"","header-below-stick-meta":"","astra-migrate-meta-layouts":"default","ast-page-background-enabled":"default","ast-page-background-meta":{"desktop":{"background-color":"var(--ast-global-color-5)","background-image":"","background-repeat":"repeat","background-position":"center center","background-size":"auto","background-attachment":"scroll","background-type":"","background-media":"","overlay-type":"","overlay-color":"","overlay-opacity":"","overlay-gradient":""},"tablet":{"background-color":"","background-image":"","background-repeat":"repeat","background-position":"center center","background-size":"auto","background-attachment":"scroll","background-type":"","background-media":"","overlay-type":"","overlay-color":"","overlay-opacity":"","overlay-gradient":""},"mobile":{"background-color":"","background-image":"","background-repeat":"repeat","background-position":"center center","background-size":"auto","background-attachment":"scroll","background-type":"","background-media":"","overlay-type":"","overlay-color":"","overlay-opacity":"","overlay-gradient":""}},"ast-content-background-meta":{"desktop":{"background-color":"var(--ast-global-color-4)","background-image":"","background-repeat":"repeat","background-position":"center center","background-size":"auto","background-attachment":"scroll","background-type":"","background-media":"","overlay-type":"","overlay-color":"","overlay-opacity":"","overlay-gradient":""},"tablet":{"background-color":"var(--ast-global-color-4)","background-image":"","background-repeat":"repeat","background-position":"center center","background-size":"auto","background-attachment":"scroll","background-type":"","background-media":"","overlay-type":"","overlay-color":"","overlay-opacity":"","overlay-gradient":""},"mobile":{"background-color":"var(--ast-global-color-4)","background-image":"","background-repeat":"repeat","background-position":"center center","background-size":"auto","background-attachment":"scroll","background-type":"","background-media":"","overlay-type":"","overlay-color":"","overlay-opacity":"","overlay-gradient":""}},"footnotes":""},"class_list":["post-2","page","type-page","status-publish","hentry"],"yoast_head":"<!-- This site is optimized with the Yoast SEO plugin v26.1.1 - https:\/\/yoast.com\/wordpress\/plugins\/seo\/ -->\n<title>Mandala \u00c7izim Arac\u0131 - Mandala Genius<\/title>\n<meta name=\"description\" content=\"\u00dccretsiz mandala \u00e7izim arac\u0131m\u0131zla diledi\u011finiz \u015fekilde mandalalar\u0131n\u0131z\u0131 olu\u015fturun ve indirin. Renk bulma arac\u0131yla da m\u00fckemmel renklerinizi ke\u015ffedin!\" \/>\n<meta name=\"robots\" content=\"index, follow, max-snippet:-1, max-image-preview:large, max-video-preview:-1\" \/>\n<link rel=\"canonical\" href=\"https:\/\/mandalagenius.com\/tr\/\" \/>\n<meta property=\"og:locale\" content=\"tr_TR\" \/>\n<meta property=\"og:type\" content=\"article\" \/>\n<meta property=\"og:title\" content=\"Mandala \u00c7izim Arac\u0131 - Mandala Genius\" \/>\n<meta property=\"og:description\" content=\"\u00dccretsiz mandala \u00e7izim arac\u0131m\u0131zla diledi\u011finiz \u015fekilde mandalalar\u0131n\u0131z\u0131 olu\u015fturun ve indirin. Renk bulma arac\u0131yla da m\u00fckemmel renklerinizi ke\u015ffedin!\" \/>\n<meta property=\"og:url\" content=\"https:\/\/mandalagenius.com\/tr\/\" \/>\n<meta property=\"og:site_name\" content=\"Mandala Genius\" \/>\n<meta property=\"article:modified_time\" content=\"2025-10-15T17:48:57+00:00\" \/>\n<meta name=\"twitter:card\" content=\"summary_large_image\" \/>\n<meta name=\"twitter:label1\" content=\"Tahmini okuma s\u00fcresi\" \/>\n\t<meta name=\"twitter:data1\" content=\"1 dakika\" \/>\n<script type=\"application\/ld+json\" class=\"yoast-schema-graph\">{\"@context\":\"https:\/\/schema.org\",\"@graph\":[{\"@type\":\"WebPage\",\"@id\":\"https:\/\/mandalagenius.com\/tr\/\",\"url\":\"https:\/\/mandalagenius.com\/tr\/\",\"name\":\"Mandala \u00c7izim Arac\u0131 - Mandala Genius\",\"isPartOf\":{\"@id\":\"https:\/\/mandalagenius.com\/tr\/#website\"},\"datePublished\":\"2025-04-09T13:01:29+00:00\",\"dateModified\":\"2025-10-15T17:48:57+00:00\",\"description\":\"\u00dccretsiz mandala \u00e7izim arac\u0131m\u0131zla diledi\u011finiz \u015fekilde mandalalar\u0131n\u0131z\u0131 olu\u015fturun ve indirin. Renk bulma arac\u0131yla da m\u00fckemmel renklerinizi ke\u015ffedin!\",\"breadcrumb\":{\"@id\":\"https:\/\/mandalagenius.com\/tr\/#breadcrumb\"},\"inLanguage\":\"tr\",\"potentialAction\":[{\"@type\":\"ReadAction\",\"target\":[\"https:\/\/mandalagenius.com\/tr\/\"]}]},{\"@type\":\"BreadcrumbList\",\"@id\":\"https:\/\/mandalagenius.com\/tr\/#breadcrumb\",\"itemListElement\":[{\"@type\":\"ListItem\",\"position\":1,\"name\":\"Home\",\"item\":\"https:\/\/mandalagenius.com\/tr\/\"},{\"@type\":\"ListItem\",\"position\":2,\"name\":\"Mandala \u00c7izim Arac\u0131\"}]},{\"@type\":\"WebSite\",\"@id\":\"https:\/\/mandalagenius.com\/tr\/#website\",\"url\":\"https:\/\/mandalagenius.com\/tr\/\",\"name\":\"Mandala Genius\",\"description\":\"\",\"publisher\":{\"@id\":\"https:\/\/mandalagenius.com\/tr\/#organization\"},\"potentialAction\":[{\"@type\":\"SearchAction\",\"target\":{\"@type\":\"EntryPoint\",\"urlTemplate\":\"https:\/\/mandalagenius.com\/tr\/?s={search_term_string}\"},\"query-input\":{\"@type\":\"PropertyValueSpecification\",\"valueRequired\":true,\"valueName\":\"search_term_string\"}}],\"inLanguage\":\"tr\"},{\"@type\":\"Organization\",\"@id\":\"https:\/\/mandalagenius.com\/tr\/#organization\",\"name\":\"Mandala Genius\",\"url\":\"https:\/\/mandalagenius.com\/tr\/\",\"logo\":{\"@type\":\"ImageObject\",\"inLanguage\":\"tr\",\"@id\":\"https:\/\/mandalagenius.com\/tr\/#\/schema\/logo\/image\/\",\"url\":\"https:\/\/mandalagenius.com\/tr\/wp-content\/uploads\/sites\/7\/2025\/04\/cropped-Untitled-design-26.png\",\"contentUrl\":\"https:\/\/mandalagenius.com\/tr\/wp-content\/uploads\/sites\/7\/2025\/04\/cropped-Untitled-design-26.png\",\"width\":801,\"height\":755,\"caption\":\"Mandala Genius\"},\"image\":{\"@id\":\"https:\/\/mandalagenius.com\/tr\/#\/schema\/logo\/image\/\"}}]}<\/script>\n<!-- \/ Yoast SEO plugin. -->","yoast_head_json":{"title":"Mandala \u00c7izim Arac\u0131 - Mandala Genius","description":"\u00dccretsiz mandala \u00e7izim arac\u0131m\u0131zla diledi\u011finiz \u015fekilde mandalalar\u0131n\u0131z\u0131 olu\u015fturun ve indirin. Renk bulma arac\u0131yla da m\u00fckemmel renklerinizi ke\u015ffedin!","robots":{"index":"index","follow":"follow","max-snippet":"max-snippet:-1","max-image-preview":"max-image-preview:large","max-video-preview":"max-video-preview:-1"},"canonical":"https:\/\/mandalagenius.com\/tr\/","og_locale":"tr_TR","og_type":"article","og_title":"Mandala \u00c7izim Arac\u0131 - Mandala Genius","og_description":"\u00dccretsiz mandala \u00e7izim arac\u0131m\u0131zla diledi\u011finiz \u015fekilde mandalalar\u0131n\u0131z\u0131 olu\u015fturun ve indirin. Renk bulma arac\u0131yla da m\u00fckemmel renklerinizi ke\u015ffedin!","og_url":"https:\/\/mandalagenius.com\/tr\/","og_site_name":"Mandala Genius","article_modified_time":"2025-10-15T17:48:57+00:00","twitter_card":"summary_large_image","twitter_misc":{"Tahmini okuma s\u00fcresi":"1 dakika"},"schema":{"@context":"https:\/\/schema.org","@graph":[{"@type":"WebPage","@id":"https:\/\/mandalagenius.com\/tr\/","url":"https:\/\/mandalagenius.com\/tr\/","name":"Mandala \u00c7izim Arac\u0131 - Mandala Genius","isPartOf":{"@id":"https:\/\/mandalagenius.com\/tr\/#website"},"datePublished":"2025-04-09T13:01:29+00:00","dateModified":"2025-10-15T17:48:57+00:00","description":"\u00dccretsiz mandala \u00e7izim arac\u0131m\u0131zla diledi\u011finiz \u015fekilde mandalalar\u0131n\u0131z\u0131 olu\u015fturun ve indirin. Renk bulma arac\u0131yla da m\u00fckemmel renklerinizi ke\u015ffedin!","breadcrumb":{"@id":"https:\/\/mandalagenius.com\/tr\/#breadcrumb"},"inLanguage":"tr","potentialAction":[{"@type":"ReadAction","target":["https:\/\/mandalagenius.com\/tr\/"]}]},{"@type":"BreadcrumbList","@id":"https:\/\/mandalagenius.com\/tr\/#breadcrumb","itemListElement":[{"@type":"ListItem","position":1,"name":"Home","item":"https:\/\/mandalagenius.com\/tr\/"},{"@type":"ListItem","position":2,"name":"Mandala \u00c7izim Arac\u0131"}]},{"@type":"WebSite","@id":"https:\/\/mandalagenius.com\/tr\/#website","url":"https:\/\/mandalagenius.com\/tr\/","name":"Mandala Genius","description":"","publisher":{"@id":"https:\/\/mandalagenius.com\/tr\/#organization"},"potentialAction":[{"@type":"SearchAction","target":{"@type":"EntryPoint","urlTemplate":"https:\/\/mandalagenius.com\/tr\/?s={search_term_string}"},"query-input":{"@type":"PropertyValueSpecification","valueRequired":true,"valueName":"search_term_string"}}],"inLanguage":"tr"},{"@type":"Organization","@id":"https:\/\/mandalagenius.com\/tr\/#organization","name":"Mandala Genius","url":"https:\/\/mandalagenius.com\/tr\/","logo":{"@type":"ImageObject","inLanguage":"tr","@id":"https:\/\/mandalagenius.com\/tr\/#\/schema\/logo\/image\/","url":"https:\/\/mandalagenius.com\/tr\/wp-content\/uploads\/sites\/7\/2025\/04\/cropped-Untitled-design-26.png","contentUrl":"https:\/\/mandalagenius.com\/tr\/wp-content\/uploads\/sites\/7\/2025\/04\/cropped-Untitled-design-26.png","width":801,"height":755,"caption":"Mandala Genius"},"image":{"@id":"https:\/\/mandalagenius.com\/tr\/#\/schema\/logo\/image\/"}}]}},"_links":{"self":[{"href":"https:\/\/mandalagenius.com\/tr\/wp-json\/wp\/v2\/pages\/2","targetHints":{"allow":["GET"]}}],"collection":[{"href":"https:\/\/mandalagenius.com\/tr\/wp-json\/wp\/v2\/pages"}],"about":[{"href":"https:\/\/mandalagenius.com\/tr\/wp-json\/wp\/v2\/types\/page"}],"author":[{"embeddable":true,"href":"https:\/\/mandalagenius.com\/tr\/wp-json\/wp\/v2\/users\/1"}],"replies":[{"embeddable":true,"href":"https:\/\/mandalagenius.com\/tr\/wp-json\/wp\/v2\/comments?post=2"}],"version-history":[{"count":1,"href":"https:\/\/mandalagenius.com\/tr\/wp-json\/wp\/v2\/pages\/2\/revisions"}],"predecessor-version":[{"id":14,"href":"https:\/\/mandalagenius.com\/tr\/wp-json\/wp\/v2\/pages\/2\/revisions\/14"}],"wp:attachment":[{"href":"https:\/\/mandalagenius.com\/tr\/wp-json\/wp\/v2\/media?parent=2"}],"curies":[{"name":"wp","href":"https:\/\/api.w.org\/{rel}","templated":true}]}}