{"id":54,"date":"2025-10-10T19:41:19","date_gmt":"2025-10-10T19:41:19","guid":{"rendered":"https:\/\/mandalagenius.com\/pt\/?page_id=54"},"modified":"2025-10-10T20:42:04","modified_gmt":"2025-10-10T20:42:04","slug":"politica-de-privacidade-2","status":"publish","type":"page","link":"https:\/\/mandalagenius.com\/pt\/politica-de-privacidade-2\/","title":{"rendered":"POL\u00cdTICA DE PRIVACIDADE"},"content":{"rendered":"\n<p><strong>POL\u00cdTICA DE PRIVACIDADE<\/strong><\/p>\n\n\n\n<p><strong>\u00daltima atualiza\u00e7\u00e3o: 10 de outubro de 20<\/strong>25<\/p>\n\n\n\n<p><strong>Pol\u00edtica de Privacidade para&nbsp;<a href=\"https:\/\/mandalagenius.com\/\" target=\"_blank\" rel=\"noreferrer noopener\">MandalaGenius.com<\/a><\/strong><\/p>\n\n\n\n<p>Esta Pol\u00edtica de Privacidade descreve como&nbsp;<a href=\"https:\/\/mandalagenius.com\/\" target=\"_blank\" rel=\"noreferrer noopener\">MandalaGenius.com<\/a>&nbsp;(&#8220;n\u00f3s&#8221;, &#8220;nosso&#8221;) coleta, usa e compartilha suas informa\u00e7\u00f5es pessoais quando voc\u00ea usa nosso site.<\/p>\n\n\n\n<p><strong>Informa\u00e7\u00f5es que Coletamos<\/strong><\/p>\n\n\n\n<p><strong>Informa\u00e7\u00f5es Coletadas Automaticamente:<\/strong>&nbsp;Quando voc\u00ea visita&nbsp;<a href=\"https:\/\/mandalagenius.com\/\" target=\"_blank\" rel=\"noreferrer noopener\">MandalaGenius.com<\/a>,&nbsp;coletamos automaticamente certas informa\u00e7\u00f5es sobre seu dispositivo, incluindo seu endere\u00e7o IP, tipo de navegador, p\u00e1ginas de refer\u00eancia\/sa\u00edda e as datas e hor\u00e1rios de suas visitas. Fazemos isso usando cookies, arquivos de log e tecnologias similares.<\/p>\n\n\n\n<p><strong>Como Usamos Suas Informa\u00e7\u00f5es<\/strong><\/p>\n\n\n\n<p>Usamos as informa\u00e7\u00f5es coletadas automaticamente para:<\/p>\n\n\n\n<ul class=\"wp-block-list\">\n<li>Operar, manter e melhorar nosso site.<\/li>\n\n\n\n<li>Analisar como os usu\u00e1rios interagem com nosso conte\u00fado.<\/li>\n\n\n\n<li>Prevenir fraudes e abusos.<\/li>\n\n\n\n<li>Exibir an\u00fancios para voc\u00ea (conforme descrito abaixo).<\/li>\n<\/ul>\n\n\n\n<p><strong>Publicidade e Google AdSense<\/strong><\/p>\n\n\n\n<p>Usamos o Google AdSense para exibir an\u00fancios no&nbsp;<a href=\"https:\/\/mandalagenius.com\/\" target=\"_blank\" rel=\"noreferrer noopener\">MandalaGenius.com<\/a>.<\/p>\n\n\n\n<ul class=\"wp-block-list\">\n<li><strong>Fornecedores Terceiros:<\/strong>&nbsp;Fornecedores terceiros, incluindo o Google, usam cookies para veicular an\u00fancios com base em visitas anteriores do usu\u00e1rio ao seu site ou outros sites.<\/li>\n\n\n\n<li><strong>Uso de Cookies de Publicidade:<\/strong>&nbsp;O uso de cookies de publicidade do Google permite que ele e seus parceiros veiculem an\u00fancios para voc\u00ea com base em sua visita ao&nbsp;<a href=\"https:\/\/mandalagenius.com\/\" target=\"_blank\" rel=\"noreferrer noopener\">MandalaGenius.com<\/a>&nbsp;e\/ou outros sites na Internet.<\/li>\n\n\n\n<li><strong>Cancelamento:<\/strong>&nbsp;Voc\u00ea pode cancelar a publicidade personalizada visitando as&nbsp;<a href=\"https:\/\/adssettings.google.com\/\" target=\"_blank\" rel=\"noreferrer noopener\">Configura\u00e7\u00f5es de an\u00fancios do Google<\/a>. Alternativamente, voc\u00ea pode cancelar o uso de cookies de publicidade personalizada de um fornecedor terceiro visitando&nbsp;<a href=\"http:\/\/www.aboutads.info\/choices\/\" target=\"_blank\" rel=\"noreferrer noopener\">www.aboutads.info<\/a>.<\/li>\n<\/ul>\n\n\n\n<p>Para mais informa\u00e7\u00f5es sobre como o Google usa dados de sites que usam seus servi\u00e7os, consulte&nbsp;<a href=\"https:\/\/policies.google.com\/technologies\/partner-sites\" target=\"_blank\" rel=\"noreferrer noopener\">Como o Google usa informa\u00e7\u00f5es de sites ou apps que usam nossos servi\u00e7os<\/a>.<\/p>\n\n\n\n<p><strong>Conte\u00fado Criado pelo Usu\u00e1rio<\/strong><br>Quando voc\u00ea usa nossa ferramenta criadora de mandalas, os designs que voc\u00ea cria s\u00e3o sua propriedade intelectual. N\u00e3o armazenamos nem temos acesso aos seus designs finais de mandala ap\u00f3s o download. Dados tempor\u00e1rios podem ser processados durante a sess\u00e3o de cria\u00e7\u00e3o, mas n\u00e3o s\u00e3o retidos permanentemente.<\/p>\n\n\n\n<p><strong>Compartilhamento de Suas Informa\u00e7\u00f5es<\/strong><\/p>\n\n\n\n<p>N\u00e3o vendemos, trocamos ou alugamos suas informa\u00e7\u00f5es pessoais para terceiros. Podemos compartilhar informa\u00e7\u00f5es demogr\u00e1ficas gen\u00e9ricas agregadas n\u00e3o vinculadas a nenhuma informa\u00e7\u00e3o pessoal sobre visitantes e usu\u00e1rios com nossos parceiros de neg\u00f3cios e anunciantes para os fins descritos acima.<\/p>\n\n\n\n<p>Podemos compartilhar informa\u00e7\u00f5es com provedores de servi\u00e7os terceiros que nos ajudam a operar nosso site, conduzir nossos neg\u00f3cios ou atender nossos usu\u00e1rios, desde que essas partes concordem em manter essas informa\u00e7\u00f5es confidenciais.<\/p>\n\n\n\n<p><strong>Seus Direitos<\/strong><\/p>\n\n\n\n<p>Dependendo da sua localiza\u00e7\u00e3o, voc\u00ea pode ter direitos sobre suas informa\u00e7\u00f5es pessoais, como o direito de acessar, corrigir ou excluir os dados que mantemos sobre voc\u00ea. Para exercer esses direitos, entre em contato conosco em:&nbsp;<a href=\"https:\/\/mailto:mandalagenius@gmail.com\/\" target=\"_blank\" rel=\"noreferrer noopener\">mandalagenius@gmail.com<\/a><\/p>\n\n\n\n<p><strong>Altera\u00e7\u00f5es a Esta Pol\u00edtica de Privacidade<\/strong><\/p>\n\n\n\n<p>Podemos atualizar esta Pol\u00edtica de Privacidade periodicamente. Notificaremos voc\u00ea sobre quaisquer altera\u00e7\u00f5es publicando a nova Pol\u00edtica de Privacidade nesta p\u00e1gina e atualizando a data de &#8220;\u00daltima atualiza\u00e7\u00e3o&#8221;.<\/p>\n\n\n\n<p><strong>Contate-Nos<\/strong><\/p>\n\n\n\n<p>Se voc\u00ea tiver alguma d\u00favida sobre esta Pol\u00edtica de Privacidade, contate-nos em:&nbsp;<a href=\"https:\/\/mailto:mandalagenius@gmail.com\/\" target=\"_blank\" rel=\"noreferrer noopener\">mandalagenius@gmail.com<\/a><\/p>\n","protected":false},"excerpt":{"rendered":"<p>POL\u00cdTICA DE PRIVACIDADE \u00daltima atualiza\u00e7\u00e3o: 10 de outubro de 2025 Pol\u00edtica de Privacidade para&nbsp;MandalaGenius.com Esta Pol\u00edtica de Privacidade descreve como&nbsp;MandalaGenius.com&nbsp;(&#8220;n\u00f3s&#8221;, [&hellip;]<\/p>\n","protected":false},"author":1,"featured_media":0,"parent":0,"menu_order":0,"comment_status":"closed","ping_status":"closed","template":"","meta":{"om_disable_all_campaigns":false,"_uag_custom_page_level_css":"","_monsterinsights_skip_tracking":false,"_monsterinsights_sitenote_active":false,"_monsterinsights_sitenote_note":"","_monsterinsights_sitenote_category":0,"site-sidebar-layout":"default","site-content-layout":"","ast-site-content-layout":"","site-content-style":"default","site-sidebar-style":"default","ast-global-header-display":"","ast-banner-title-visibility":"","ast-main-header-display":"","ast-hfb-above-header-display":"","ast-hfb-below-header-display":"","ast-hfb-mobile-header-display":"","site-post-title":"","ast-breadcrumbs-content":"","ast-featured-img":"","footer-sml-layout":"","theme-transparent-header-meta":"","adv-header-id-meta":"","stick-header-meta":"","header-above-stick-meta":"","header-main-stick-meta":"","header-below-stick-meta":"","astra-migrate-meta-layouts":"default","ast-page-background-enabled":"default","ast-page-background-meta":{"desktop":{"background-color":"var(--ast-global-color-5)","background-image":"","background-repeat":"repeat","background-position":"center center","background-size":"auto","background-attachment":"scroll","background-type":"","background-media":"","overlay-type":"","overlay-color":"","overlay-opacity":"","overlay-gradient":""},"tablet":{"background-color":"","background-image":"","background-repeat":"repeat","background-position":"center center","background-size":"auto","background-attachment":"scroll","background-type":"","background-media":"","overlay-type":"","overlay-color":"","overlay-opacity":"","overlay-gradient":""},"mobile":{"background-color":"","background-image":"","background-repeat":"repeat","background-position":"center center","background-size":"auto","background-attachment":"scroll","background-type":"","background-media":"","overlay-type":"","overlay-color":"","overlay-opacity":"","overlay-gradient":""}},"ast-content-background-meta":{"desktop":{"background-color":"var(--ast-global-color-4)","background-image":"","background-repeat":"repeat","background-position":"center center","background-size":"auto","background-attachment":"scroll","background-type":"","background-media":"","overlay-type":"","overlay-color":"","overlay-opacity":"","overlay-gradient":""},"tablet":{"background-color":"var(--ast-global-color-4)","background-image":"","background-repeat":"repeat","background-position":"center center","background-size":"auto","background-attachment":"scroll","background-type":"","background-media":"","overlay-type":"","overlay-color":"","overlay-opacity":"","overlay-gradient":""},"mobile":{"background-color":"var(--ast-global-color-4)","background-image":"","background-repeat":"repeat","background-position":"center center","background-size":"auto","background-attachment":"scroll","background-type":"","background-media":"","overlay-type":"","overlay-color":"","overlay-opacity":"","overlay-gradient":""}},"footnotes":""},"class_list":["post-54","page","type-page","status-publish","hentry"],"yoast_head":"<!-- This site is optimized with the Yoast SEO plugin v26.1.1 - https:\/\/yoast.com\/wordpress\/plugins\/seo\/ -->\n<title>POL\u00cdTICA DE PRIVACIDADE - Mandala Genius<\/title>\n<meta name=\"robots\" content=\"index, follow, max-snippet:-1, max-image-preview:large, max-video-preview:-1\" \/>\n<link rel=\"canonical\" href=\"https:\/\/mandalagenius.com\/pt\/politica-de-privacidade-2\/\" \/>\n<meta property=\"og:locale\" content=\"pt_PT\" \/>\n<meta property=\"og:type\" content=\"article\" \/>\n<meta property=\"og:title\" content=\"POL\u00cdTICA DE PRIVACIDADE - Mandala Genius\" \/>\n<meta property=\"og:description\" content=\"POL\u00cdTICA DE PRIVACIDADE \u00daltima atualiza\u00e7\u00e3o: 10 de outubro de 2025 Pol\u00edtica de Privacidade para&nbsp;MandalaGenius.com Esta Pol\u00edtica de Privacidade descreve como&nbsp;MandalaGenius.com&nbsp;(&#8220;n\u00f3s&#8221;, [&hellip;]\" \/>\n<meta property=\"og:url\" content=\"https:\/\/mandalagenius.com\/pt\/politica-de-privacidade-2\/\" \/>\n<meta property=\"og:site_name\" content=\"Mandala Genius\" \/>\n<meta property=\"article:modified_time\" content=\"2025-10-10T20:42:04+00:00\" \/>\n<meta name=\"twitter:card\" content=\"summary_large_image\" \/>\n<meta name=\"twitter:label1\" content=\"Tempo estimado de leitura\" \/>\n\t<meta name=\"twitter:data1\" content=\"3 minutos\" \/>\n<script type=\"application\/ld+json\" class=\"yoast-schema-graph\">{\"@context\":\"https:\/\/schema.org\",\"@graph\":[{\"@type\":\"WebPage\",\"@id\":\"https:\/\/mandalagenius.com\/pt\/politica-de-privacidade-2\/\",\"url\":\"https:\/\/mandalagenius.com\/pt\/politica-de-privacidade-2\/\",\"name\":\"POL\u00cdTICA DE PRIVACIDADE - Mandala Genius\",\"isPartOf\":{\"@id\":\"https:\/\/mandalagenius.com\/pt\/#website\"},\"datePublished\":\"2025-10-10T19:41:19+00:00\",\"dateModified\":\"2025-10-10T20:42:04+00:00\",\"breadcrumb\":{\"@id\":\"https:\/\/mandalagenius.com\/pt\/politica-de-privacidade-2\/#breadcrumb\"},\"inLanguage\":\"pt-PT\",\"potentialAction\":[{\"@type\":\"ReadAction\",\"target\":[\"https:\/\/mandalagenius.com\/pt\/politica-de-privacidade-2\/\"]}]},{\"@type\":\"BreadcrumbList\",\"@id\":\"https:\/\/mandalagenius.com\/pt\/politica-de-privacidade-2\/#breadcrumb\",\"itemListElement\":[{\"@type\":\"ListItem\",\"position\":1,\"name\":\"Home\",\"item\":\"https:\/\/mandalagenius.com\/pt\/\"},{\"@type\":\"ListItem\",\"position\":2,\"name\":\"POL\u00cdTICA DE PRIVACIDADE\"}]},{\"@type\":\"WebSite\",\"@id\":\"https:\/\/mandalagenius.com\/pt\/#website\",\"url\":\"https:\/\/mandalagenius.com\/pt\/\",\"name\":\"Mandala Genius\",\"description\":\"\",\"publisher\":{\"@id\":\"https:\/\/mandalagenius.com\/pt\/#organization\"},\"potentialAction\":[{\"@type\":\"SearchAction\",\"target\":{\"@type\":\"EntryPoint\",\"urlTemplate\":\"https:\/\/mandalagenius.com\/pt\/?s={search_term_string}\"},\"query-input\":{\"@type\":\"PropertyValueSpecification\",\"valueRequired\":true,\"valueName\":\"search_term_string\"}}],\"inLanguage\":\"pt-PT\"},{\"@type\":\"Organization\",\"@id\":\"https:\/\/mandalagenius.com\/pt\/#organization\",\"name\":\"Mandala Genius\",\"url\":\"https:\/\/mandalagenius.com\/pt\/\",\"logo\":{\"@type\":\"ImageObject\",\"inLanguage\":\"pt-PT\",\"@id\":\"https:\/\/mandalagenius.com\/pt\/#\/schema\/logo\/image\/\",\"url\":\"https:\/\/mandalagenius.com\/pt\/wp-content\/uploads\/sites\/5\/2025\/04\/cropped-Untitled-design-26-1.png\",\"contentUrl\":\"https:\/\/mandalagenius.com\/pt\/wp-content\/uploads\/sites\/5\/2025\/04\/cropped-Untitled-design-26-1.png\",\"width\":1026,\"height\":862,\"caption\":\"Mandala Genius \"},\"image\":{\"@id\":\"https:\/\/mandalagenius.com\/pt\/#\/schema\/logo\/image\/\"}}]}<\/script>\n<!-- \/ Yoast SEO plugin. -->","yoast_head_json":{"title":"POL\u00cdTICA DE PRIVACIDADE - Mandala Genius","robots":{"index":"index","follow":"follow","max-snippet":"max-snippet:-1","max-image-preview":"max-image-preview:large","max-video-preview":"max-video-preview:-1"},"canonical":"https:\/\/mandalagenius.com\/pt\/politica-de-privacidade-2\/","og_locale":"pt_PT","og_type":"article","og_title":"POL\u00cdTICA DE PRIVACIDADE - Mandala Genius","og_description":"POL\u00cdTICA DE PRIVACIDADE \u00daltima atualiza\u00e7\u00e3o: 10 de outubro de 2025 Pol\u00edtica de Privacidade para&nbsp;MandalaGenius.com Esta Pol\u00edtica de Privacidade descreve como&nbsp;MandalaGenius.com&nbsp;(&#8220;n\u00f3s&#8221;, [&hellip;]","og_url":"https:\/\/mandalagenius.com\/pt\/politica-de-privacidade-2\/","og_site_name":"Mandala Genius","article_modified_time":"2025-10-10T20:42:04+00:00","twitter_card":"summary_large_image","twitter_misc":{"Tempo estimado de leitura":"3 minutos"},"schema":{"@context":"https:\/\/schema.org","@graph":[{"@type":"WebPage","@id":"https:\/\/mandalagenius.com\/pt\/politica-de-privacidade-2\/","url":"https:\/\/mandalagenius.com\/pt\/politica-de-privacidade-2\/","name":"POL\u00cdTICA DE PRIVACIDADE - Mandala Genius","isPartOf":{"@id":"https:\/\/mandalagenius.com\/pt\/#website"},"datePublished":"2025-10-10T19:41:19+00:00","dateModified":"2025-10-10T20:42:04+00:00","breadcrumb":{"@id":"https:\/\/mandalagenius.com\/pt\/politica-de-privacidade-2\/#breadcrumb"},"inLanguage":"pt-PT","potentialAction":[{"@type":"ReadAction","target":["https:\/\/mandalagenius.com\/pt\/politica-de-privacidade-2\/"]}]},{"@type":"BreadcrumbList","@id":"https:\/\/mandalagenius.com\/pt\/politica-de-privacidade-2\/#breadcrumb","itemListElement":[{"@type":"ListItem","position":1,"name":"Home","item":"https:\/\/mandalagenius.com\/pt\/"},{"@type":"ListItem","position":2,"name":"POL\u00cdTICA DE PRIVACIDADE"}]},{"@type":"WebSite","@id":"https:\/\/mandalagenius.com\/pt\/#website","url":"https:\/\/mandalagenius.com\/pt\/","name":"Mandala Genius","description":"","publisher":{"@id":"https:\/\/mandalagenius.com\/pt\/#organization"},"potentialAction":[{"@type":"SearchAction","target":{"@type":"EntryPoint","urlTemplate":"https:\/\/mandalagenius.com\/pt\/?s={search_term_string}"},"query-input":{"@type":"PropertyValueSpecification","valueRequired":true,"valueName":"search_term_string"}}],"inLanguage":"pt-PT"},{"@type":"Organization","@id":"https:\/\/mandalagenius.com\/pt\/#organization","name":"Mandala Genius","url":"https:\/\/mandalagenius.com\/pt\/","logo":{"@type":"ImageObject","inLanguage":"pt-PT","@id":"https:\/\/mandalagenius.com\/pt\/#\/schema\/logo\/image\/","url":"https:\/\/mandalagenius.com\/pt\/wp-content\/uploads\/sites\/5\/2025\/04\/cropped-Untitled-design-26-1.png","contentUrl":"https:\/\/mandalagenius.com\/pt\/wp-content\/uploads\/sites\/5\/2025\/04\/cropped-Untitled-design-26-1.png","width":1026,"height":862,"caption":"Mandala Genius "},"image":{"@id":"https:\/\/mandalagenius.com\/pt\/#\/schema\/logo\/image\/"}}]}},"uagb_featured_image_src":{"full":false,"thumbnail":false,"medium":false,"medium_large":false,"large":false,"1536x1536":false,"2048x2048":false},"uagb_author_info":{"display_name":"David G.","author_link":"https:\/\/mandalagenius.com\/pt\/author\/zirhemregmail-com\/"},"uagb_comment_info":0,"uagb_excerpt":"POL\u00cdTICA DE PRIVACIDADE \u00daltima atualiza\u00e7\u00e3o: 10 de outubro de 2025 Pol\u00edtica de Privacidade para&nbsp;MandalaGenius.com Esta Pol\u00edtica de Privacidade descreve como&nbsp;MandalaGenius.com&nbsp;(&#8220;n\u00f3s&#8221;, [&hellip;]","_links":{"self":[{"href":"https:\/\/mandalagenius.com\/pt\/wp-json\/wp\/v2\/pages\/54","targetHints":{"allow":["GET"]}}],"collection":[{"href":"https:\/\/mandalagenius.com\/pt\/wp-json\/wp\/v2\/pages"}],"about":[{"href":"https:\/\/mandalagenius.com\/pt\/wp-json\/wp\/v2\/types\/page"}],"author":[{"embeddable":true,"href":"https:\/\/mandalagenius.com\/pt\/wp-json\/wp\/v2\/users\/1"}],"replies":[{"embeddable":true,"href":"https:\/\/mandalagenius.com\/pt\/wp-json\/wp\/v2\/comments?post=54"}],"version-history":[{"count":2,"href":"https:\/\/mandalagenius.com\/pt\/wp-json\/wp\/v2\/pages\/54\/revisions"}],"predecessor-version":[{"id":65,"href":"https:\/\/mandalagenius.com\/pt\/wp-json\/wp\/v2\/pages\/54\/revisions\/65"}],"wp:attachment":[{"href":"https:\/\/mandalagenius.com\/pt\/wp-json\/wp\/v2\/media?parent=54"}],"curies":[{"name":"wp","href":"https:\/\/api.w.org\/{rel}","templated":true}]}}