{"id":50,"date":"2025-04-06T17:05:59","date_gmt":"2025-04-06T17:05:59","guid":{"rendered":"https:\/\/mandalagenius.com\/es\/?page_id=50"},"modified":"2025-04-07T15:52:26","modified_gmt":"2025-04-07T15:52:26","slug":"sobre-nosotros","status":"publish","type":"page","link":"https:\/\/mandalagenius.com\/es\/sobre-nosotros\/","title":{"rendered":"Sobre Nosotros"},"content":{"rendered":"\n<p><em>Siempre me han fascinado las formas sim\u00e9tricas: los copos de nieve, los p\u00e9talos de las flores, las ondas en el agua. Hay algo primitivo en estos patrones, como si hablaran un lenguaje que nuestro cerebro est\u00e1 programado para entender.<\/em><\/p>\n\n\n\n<p><em>Como desarrollador web junior, cre\u00e9 esta herramienta gratuita de mandalas para unir dos pasiones: el arte de los dise\u00f1os sagrados y la creaci\u00f3n de herramientas digitales. Mandala Genius es mi proyecto personal en constante evoluci\u00f3n, donde sigo mejor\u00e1ndolo mientras exploro estos patrones hipn\u00f3ticos.<\/em><\/p>\n\n\n\n<p><em>Por eso naci\u00f3 Mandala Genius: un espacio donde cualquiera puede..<\/em><\/p>\n\n\n\n<pre class=\"wp-block-code\"><code><\/code><\/pre>\n\n\n\n<p><\/p>\n","protected":false},"excerpt":{"rendered":"<p>Siempre me han fascinado las formas sim\u00e9tricas: los copos de nieve, los p\u00e9talos de las flores, las ondas en el [&hellip;]<\/p>\n","protected":false},"author":1,"featured_media":0,"parent":0,"menu_order":0,"comment_status":"closed","ping_status":"closed","template":"","meta":{"om_disable_all_campaigns":false,"_monsterinsights_skip_tracking":false,"_monsterinsights_sitenote_active":false,"_monsterinsights_sitenote_note":"","_monsterinsights_sitenote_category":0,"site-sidebar-layout":"default","site-content-layout":"","ast-site-content-layout":"","site-content-style":"default","site-sidebar-style":"default","ast-global-header-display":"","ast-banner-title-visibility":"","ast-main-header-display":"","ast-hfb-above-header-display":"","ast-hfb-below-header-display":"","ast-hfb-mobile-header-display":"","site-post-title":"disabled","ast-breadcrumbs-content":"","ast-featured-img":"","footer-sml-layout":"","theme-transparent-header-meta":"","adv-header-id-meta":"","stick-header-meta":"","header-above-stick-meta":"","header-main-stick-meta":"","header-below-stick-meta":"","astra-migrate-meta-layouts":"default","ast-page-background-enabled":"default","ast-page-background-meta":{"desktop":{"background-color":"var(--ast-global-color-5)","background-image":"","background-repeat":"repeat","background-position":"center center","background-size":"auto","background-attachment":"scroll","background-type":"","background-media":"","overlay-type":"","overlay-color":"","overlay-opacity":"","overlay-gradient":""},"tablet":{"background-color":"","background-image":"","background-repeat":"repeat","background-position":"center center","background-size":"auto","background-attachment":"scroll","background-type":"","background-media":"","overlay-type":"","overlay-color":"","overlay-opacity":"","overlay-gradient":""},"mobile":{"background-color":"","background-image":"","background-repeat":"repeat","background-position":"center center","background-size":"auto","background-attachment":"scroll","background-type":"","background-media":"","overlay-type":"","overlay-color":"","overlay-opacity":"","overlay-gradient":""}},"ast-content-background-meta":{"desktop":{"background-color":"var(--ast-global-color-4)","background-image":"","background-repeat":"repeat","background-position":"center center","background-size":"auto","background-attachment":"scroll","background-type":"","background-media":"","overlay-type":"","overlay-color":"","overlay-opacity":"","overlay-gradient":""},"tablet":{"background-color":"var(--ast-global-color-4)","background-image":"","background-repeat":"repeat","background-position":"center center","background-size":"auto","background-attachment":"scroll","background-type":"","background-media":"","overlay-type":"","overlay-color":"","overlay-opacity":"","overlay-gradient":""},"mobile":{"background-color":"var(--ast-global-color-4)","background-image":"","background-repeat":"repeat","background-position":"center center","background-size":"auto","background-attachment":"scroll","background-type":"","background-media":"","overlay-type":"","overlay-color":"","overlay-opacity":"","overlay-gradient":""}},"footnotes":""},"class_list":["post-50","page","type-page","status-publish","hentry"],"yoast_head":"<!-- This site is optimized with the Yoast SEO plugin v26.1.1 - https:\/\/yoast.com\/wordpress\/plugins\/seo\/ -->\n<title>Sobre Nosotros - Mandala Genius<\/title>\n<meta name=\"robots\" content=\"index, follow, max-snippet:-1, max-image-preview:large, max-video-preview:-1\" \/>\n<link rel=\"canonical\" href=\"https:\/\/mandalagenius.com\/es\/sobre-nosotros\/\" \/>\n<meta property=\"og:locale\" content=\"es_ES\" \/>\n<meta property=\"og:type\" content=\"article\" \/>\n<meta property=\"og:title\" content=\"Sobre Nosotros - Mandala Genius\" \/>\n<meta property=\"og:description\" content=\"Siempre me han fascinado las formas sim\u00e9tricas: los copos de nieve, los p\u00e9talos de las flores, las ondas en el [&hellip;]\" \/>\n<meta property=\"og:url\" content=\"https:\/\/mandalagenius.com\/es\/sobre-nosotros\/\" \/>\n<meta property=\"og:site_name\" content=\"Mandala Genius\" \/>\n<meta property=\"article:modified_time\" content=\"2025-04-07T15:52:26+00:00\" \/>\n<meta name=\"twitter:card\" content=\"summary_large_image\" \/>\n<script type=\"application\/ld+json\" class=\"yoast-schema-graph\">{\"@context\":\"https:\/\/schema.org\",\"@graph\":[{\"@type\":\"WebPage\",\"@id\":\"https:\/\/mandalagenius.com\/es\/sobre-nosotros\/\",\"url\":\"https:\/\/mandalagenius.com\/es\/sobre-nosotros\/\",\"name\":\"Sobre Nosotros - Mandala Genius\",\"isPartOf\":{\"@id\":\"https:\/\/mandalagenius.com\/es\/#website\"},\"datePublished\":\"2025-04-06T17:05:59+00:00\",\"dateModified\":\"2025-04-07T15:52:26+00:00\",\"breadcrumb\":{\"@id\":\"https:\/\/mandalagenius.com\/es\/sobre-nosotros\/#breadcrumb\"},\"inLanguage\":\"es\",\"potentialAction\":[{\"@type\":\"ReadAction\",\"target\":[\"https:\/\/mandalagenius.com\/es\/sobre-nosotros\/\"]}]},{\"@type\":\"BreadcrumbList\",\"@id\":\"https:\/\/mandalagenius.com\/es\/sobre-nosotros\/#breadcrumb\",\"itemListElement\":[{\"@type\":\"ListItem\",\"position\":1,\"name\":\"Home\",\"item\":\"https:\/\/mandalagenius.com\/es\/\"},{\"@type\":\"ListItem\",\"position\":2,\"name\":\"Sobre Nosotros\"}]},{\"@type\":\"WebSite\",\"@id\":\"https:\/\/mandalagenius.com\/es\/#website\",\"url\":\"https:\/\/mandalagenius.com\/es\/\",\"name\":\"Mandala Genius\",\"description\":\"Arte y Esp\u00edritu en Geometr\u00eda Sagrada\",\"publisher\":{\"@id\":\"https:\/\/mandalagenius.com\/es\/#organization\"},\"potentialAction\":[{\"@type\":\"SearchAction\",\"target\":{\"@type\":\"EntryPoint\",\"urlTemplate\":\"https:\/\/mandalagenius.com\/es\/?s={search_term_string}\"},\"query-input\":{\"@type\":\"PropertyValueSpecification\",\"valueRequired\":true,\"valueName\":\"search_term_string\"}}],\"inLanguage\":\"es\"},{\"@type\":\"Organization\",\"@id\":\"https:\/\/mandalagenius.com\/es\/#organization\",\"name\":\"Mandala Genius\",\"url\":\"https:\/\/mandalagenius.com\/es\/\",\"logo\":{\"@type\":\"ImageObject\",\"inLanguage\":\"es\",\"@id\":\"https:\/\/mandalagenius.com\/es\/#\/schema\/logo\/image\/\",\"url\":\"https:\/\/mandalagenius.com\/es\/wp-content\/uploads\/sites\/4\/2025\/04\/cropped-Untitled-design-26.png\",\"contentUrl\":\"https:\/\/mandalagenius.com\/es\/wp-content\/uploads\/sites\/4\/2025\/04\/cropped-Untitled-design-26.png\",\"width\":800,\"height\":804,\"caption\":\"Mandala Genius \"},\"image\":{\"@id\":\"https:\/\/mandalagenius.com\/es\/#\/schema\/logo\/image\/\"}}]}<\/script>\n<!-- \/ Yoast SEO plugin. -->","yoast_head_json":{"title":"Sobre Nosotros - Mandala Genius","robots":{"index":"index","follow":"follow","max-snippet":"max-snippet:-1","max-image-preview":"max-image-preview:large","max-video-preview":"max-video-preview:-1"},"canonical":"https:\/\/mandalagenius.com\/es\/sobre-nosotros\/","og_locale":"es_ES","og_type":"article","og_title":"Sobre Nosotros - Mandala Genius","og_description":"Siempre me han fascinado las formas sim\u00e9tricas: los copos de nieve, los p\u00e9talos de las flores, las ondas en el [&hellip;]","og_url":"https:\/\/mandalagenius.com\/es\/sobre-nosotros\/","og_site_name":"Mandala Genius","article_modified_time":"2025-04-07T15:52:26+00:00","twitter_card":"summary_large_image","schema":{"@context":"https:\/\/schema.org","@graph":[{"@type":"WebPage","@id":"https:\/\/mandalagenius.com\/es\/sobre-nosotros\/","url":"https:\/\/mandalagenius.com\/es\/sobre-nosotros\/","name":"Sobre Nosotros - Mandala Genius","isPartOf":{"@id":"https:\/\/mandalagenius.com\/es\/#website"},"datePublished":"2025-04-06T17:05:59+00:00","dateModified":"2025-04-07T15:52:26+00:00","breadcrumb":{"@id":"https:\/\/mandalagenius.com\/es\/sobre-nosotros\/#breadcrumb"},"inLanguage":"es","potentialAction":[{"@type":"ReadAction","target":["https:\/\/mandalagenius.com\/es\/sobre-nosotros\/"]}]},{"@type":"BreadcrumbList","@id":"https:\/\/mandalagenius.com\/es\/sobre-nosotros\/#breadcrumb","itemListElement":[{"@type":"ListItem","position":1,"name":"Home","item":"https:\/\/mandalagenius.com\/es\/"},{"@type":"ListItem","position":2,"name":"Sobre Nosotros"}]},{"@type":"WebSite","@id":"https:\/\/mandalagenius.com\/es\/#website","url":"https:\/\/mandalagenius.com\/es\/","name":"Mandala Genius","description":"Arte y Esp\u00edritu en Geometr\u00eda Sagrada","publisher":{"@id":"https:\/\/mandalagenius.com\/es\/#organization"},"potentialAction":[{"@type":"SearchAction","target":{"@type":"EntryPoint","urlTemplate":"https:\/\/mandalagenius.com\/es\/?s={search_term_string}"},"query-input":{"@type":"PropertyValueSpecification","valueRequired":true,"valueName":"search_term_string"}}],"inLanguage":"es"},{"@type":"Organization","@id":"https:\/\/mandalagenius.com\/es\/#organization","name":"Mandala Genius","url":"https:\/\/mandalagenius.com\/es\/","logo":{"@type":"ImageObject","inLanguage":"es","@id":"https:\/\/mandalagenius.com\/es\/#\/schema\/logo\/image\/","url":"https:\/\/mandalagenius.com\/es\/wp-content\/uploads\/sites\/4\/2025\/04\/cropped-Untitled-design-26.png","contentUrl":"https:\/\/mandalagenius.com\/es\/wp-content\/uploads\/sites\/4\/2025\/04\/cropped-Untitled-design-26.png","width":800,"height":804,"caption":"Mandala Genius "},"image":{"@id":"https:\/\/mandalagenius.com\/es\/#\/schema\/logo\/image\/"}}]}},"aioseo_notices":[],"_links":{"self":[{"href":"https:\/\/mandalagenius.com\/es\/wp-json\/wp\/v2\/pages\/50","targetHints":{"allow":["GET"]}}],"collection":[{"href":"https:\/\/mandalagenius.com\/es\/wp-json\/wp\/v2\/pages"}],"about":[{"href":"https:\/\/mandalagenius.com\/es\/wp-json\/wp\/v2\/types\/page"}],"author":[{"embeddable":true,"href":"https:\/\/mandalagenius.com\/es\/wp-json\/wp\/v2\/users\/1"}],"replies":[{"embeddable":true,"href":"https:\/\/mandalagenius.com\/es\/wp-json\/wp\/v2\/comments?post=50"}],"version-history":[{"count":3,"href":"https:\/\/mandalagenius.com\/es\/wp-json\/wp\/v2\/pages\/50\/revisions"}],"predecessor-version":[{"id":65,"href":"https:\/\/mandalagenius.com\/es\/wp-json\/wp\/v2\/pages\/50\/revisions\/65"}],"wp:attachment":[{"href":"https:\/\/mandalagenius.com\/es\/wp-json\/wp\/v2\/media?parent=50"}],"curies":[{"name":"wp","href":"https:\/\/api.w.org\/{rel}","templated":true}]}}