{"id":171,"date":"2025-10-10T19:02:37","date_gmt":"2025-10-10T19:02:37","guid":{"rendered":"https:\/\/mandalagenius.com\/es\/?page_id=171"},"modified":"2025-10-10T20:15:16","modified_gmt":"2025-10-10T20:15:16","slug":"politica-de-privacidad","status":"publish","type":"page","link":"https:\/\/mandalagenius.com\/es\/politica-de-privacidad\/","title":{"rendered":"POL\u00cdTICA DE PRIVACIDAD"},"content":{"rendered":"\n<h3 class=\"wp-block-heading\"><\/h3>\n\n\n\n<p><strong>\u00daltima actualizaci\u00f3n: 10 de octubre de 2025<\/strong><\/p>\n\n\n\n<p><strong>Pol\u00edtica de Privacidad para&nbsp;<a href=\"https:\/\/mandalagenius.com\/\" target=\"_blank\" rel=\"noreferrer noopener\">MandalaGenius.com<\/a><\/strong><\/p>\n\n\n\n<p>Esta Pol\u00edtica de Privacidad describe c\u00f3mo&nbsp;<a href=\"https:\/\/mandalagenius.com\/\" target=\"_blank\" rel=\"noreferrer noopener\">MandalaGenius.com<\/a>&nbsp;(\u00abnosotros\u00bb, \u00abnuestro\u00bb) recopila, utiliza y comparte su informaci\u00f3n personal cuando utiliza nuestro sitio web.<\/p>\n\n\n\n<p><strong>Informaci\u00f3n que Recopilamos<\/strong><\/p>\n\n\n\n<p><strong>Informaci\u00f3n Recopilada Autom\u00e1ticamente:<\/strong>&nbsp;Cuando visita&nbsp;<a href=\"https:\/\/mandalagenius.com\/\" target=\"_blank\" rel=\"noreferrer noopener\">MandalaGenius.com<\/a>,&nbsp;recopilamos autom\u00e1ticamente cierta informaci\u00f3n sobre su dispositivo, incluida su direcci\u00f3n IP, tipo de navegador, p\u00e1ginas de referencia\/salida, y las fechas y horas de sus visitas. Hacemos esto usando cookies, archivos de registro y tecnolog\u00edas similares.<\/p>\n\n\n\n<p><strong>C\u00f3mo Utilizamos Su Informaci\u00f3n<\/strong><\/p>\n\n\n\n<p>Utilizamos la informaci\u00f3n recopilada autom\u00e1ticamente para:<\/p>\n\n\n\n<ul class=\"wp-block-list\">\n<li>Operar, mantener y mejorar nuestro sitio web.<\/li>\n\n\n\n<li>Analizar c\u00f3mo los usuarios interact\u00faan con nuestro contenido.<\/li>\n\n\n\n<li>Prevenir fraudes y abusos.<\/li>\n\n\n\n<li>Mostrar anuncios (como se describe a continuaci\u00f3n).<\/li>\n<\/ul>\n\n\n\n<p><strong>Publicidad y Google AdSense<\/strong><\/p>\n\n\n\n<p>Utilizamos Google AdSense para mostrar anuncios en&nbsp;<a href=\"https:\/\/mandalagenius.com\/\" target=\"_blank\" rel=\"noreferrer noopener\">MandalaGenius.com<\/a>.<\/p>\n\n\n\n<ul class=\"wp-block-list\">\n<li><strong>Proveedores Terceros:<\/strong>&nbsp;Proveedores terceros, incluido Google, utilizan cookies para mostrar anuncios basados en visitas previas del usuario a su sitio web u otros sitios web.<\/li>\n\n\n\n<li><strong>Uso de Cookies Publicitarias:<\/strong>&nbsp;El uso de cookies publicitarias de Google permite que Google y sus socios muestren anuncios basados en su visita a&nbsp;<a href=\"https:\/\/mandalagenius.com\/\" target=\"_blank\" rel=\"noreferrer noopener\">MandalaGenius.com<\/a>&nbsp;y\/o otros sitios en Internet.<\/li>\n\n\n\n<li><strong>Exclusi\u00f3n Voluntaria:<\/strong>&nbsp;Puede optar por no recibir publicidad personalizada visitando la&nbsp;<a href=\"https:\/\/adssettings.google.com\/\" target=\"_blank\" rel=\"noreferrer noopener\">Configuraci\u00f3n de anuncios de Google<\/a>. Alternativamente, puede optar por no recibir el uso de cookies de publicidad personalizada de un proveedor tercero visitando&nbsp;<a href=\"http:\/\/www.aboutads.info\/choices\/\" target=\"_blank\" rel=\"noreferrer noopener\">www.aboutads.info<\/a>.<\/li>\n<\/ul>\n\n\n\n<p>Para m\u00e1s informaci\u00f3n sobre c\u00f3mo Google utiliza los datos de sitios que usan sus servicios, consulte&nbsp;<a href=\"https:\/\/policies.google.com\/technologies\/partner-sites\" target=\"_blank\" rel=\"noreferrer noopener\">C\u00f3mo utiliza Google la informaci\u00f3n de sitios o aplicaciones que usan nuestros servicios<\/a>.<\/p>\n\n\n\n<p><strong>Contenido Creado por el Usuario<\/strong><br>Cuando utiliza nuestra herramienta creadora de m\u00e1ndalas, los dise\u00f1os que crea son su propiedad intelectual. No almacenamos ni tenemos acceso a sus dise\u00f1os finales de m\u00e1ndalas despu\u00e9s de que los descarga. Los datos temporales pueden procesarse durante la sesi\u00f3n de creaci\u00f3n pero no se conservan permanentemente.<\/p>\n\n\n\n<p><strong>Compartir Su Informaci\u00f3n<\/strong><\/p>\n\n\n\n<p>No vendemos, comercializamos ni alquilamos su informaci\u00f3n personal a terceros. Podemos compartir informaci\u00f3n demogr\u00e1fica agregada gen\u00e9rica no vinculada a informaci\u00f3n personal de visitantes y usuarios con nuestros socios comerciales y anunciantes para los fines antes mencionados.<\/p>\n\n\n\n<p>Podemos compartir informaci\u00f3n con proveedores de servicios terceros que nos ayudan a operar nuestro sitio web, conducir nuestro negocio o servir a nuestros usuarios, siempre que esas partes acuerden mantener esta informaci\u00f3n confidencial.<\/p>\n\n\n\n<p><strong>Sus Derechos<\/strong><\/p>\n\n\n\n<p>Dependiendo de su ubicaci\u00f3n, puede tener derechos con respecto a su informaci\u00f3n personal, como el derecho a acceder, corregir o eliminar los datos que conservamos sobre usted. Para ejercer estos derechos, cont\u00e1ctenos en:&nbsp;<a href=\"https:\/\/mailto:mandalagenius@gmail.com\/\" target=\"_blank\" rel=\"noreferrer noopener\">mandalagenius@gmail.com<\/a><\/p>\n\n\n\n<p><strong>Cambios a Esta Pol\u00edtica de Privacidad<\/strong><\/p>\n\n\n\n<p>Podemos actualizar esta Pol\u00edtica de Privacidad ocasionalmente. Le notificaremos cualquier cambio publicando la nueva Pol\u00edtica de Privacidad en esta p\u00e1gina y actualizando la fecha de \u00ab\u00daltima actualizaci\u00f3n\u00bb.<\/p>\n\n\n\n<p><strong>Cont\u00e1ctenos<\/strong><\/p>\n\n\n\n<p>Si tiene alguna pregunta sobre esta Pol\u00edtica de Privacidad, cont\u00e1ctenos en:&nbsp;<a href=\"https:\/\/mailto:mandalagenius@gmail.com\/\" target=\"_blank\" rel=\"noreferrer noopener\">mandalagenius@gmail.com<\/a><\/p>\n","protected":false},"excerpt":{"rendered":"<p>\u00daltima actualizaci\u00f3n: 10 de octubre de 2025 Pol\u00edtica de Privacidad para&nbsp;MandalaGenius.com Esta Pol\u00edtica de Privacidad describe c\u00f3mo&nbsp;MandalaGenius.com&nbsp;(\u00abnosotros\u00bb, \u00abnuestro\u00bb) recopila, utiliza [&hellip;]<\/p>\n","protected":false},"author":1,"featured_media":0,"parent":0,"menu_order":0,"comment_status":"closed","ping_status":"closed","template":"","meta":{"om_disable_all_campaigns":false,"_monsterinsights_skip_tracking":false,"_monsterinsights_sitenote_active":false,"_monsterinsights_sitenote_note":"","_monsterinsights_sitenote_category":0,"site-sidebar-layout":"default","site-content-layout":"","ast-site-content-layout":"","site-content-style":"default","site-sidebar-style":"default","ast-global-header-display":"","ast-banner-title-visibility":"","ast-main-header-display":"","ast-hfb-above-header-display":"","ast-hfb-below-header-display":"","ast-hfb-mobile-header-display":"","site-post-title":"","ast-breadcrumbs-content":"","ast-featured-img":"","footer-sml-layout":"","theme-transparent-header-meta":"","adv-header-id-meta":"","stick-header-meta":"","header-above-stick-meta":"","header-main-stick-meta":"","header-below-stick-meta":"","astra-migrate-meta-layouts":"default","ast-page-background-enabled":"default","ast-page-background-meta":{"desktop":{"background-color":"var(--ast-global-color-5)","background-image":"","background-repeat":"repeat","background-position":"center center","background-size":"auto","background-attachment":"scroll","background-type":"","background-media":"","overlay-type":"","overlay-color":"","overlay-opacity":"","overlay-gradient":""},"tablet":{"background-color":"","background-image":"","background-repeat":"repeat","background-position":"center center","background-size":"auto","background-attachment":"scroll","background-type":"","background-media":"","overlay-type":"","overlay-color":"","overlay-opacity":"","overlay-gradient":""},"mobile":{"background-color":"","background-image":"","background-repeat":"repeat","background-position":"center center","background-size":"auto","background-attachment":"scroll","background-type":"","background-media":"","overlay-type":"","overlay-color":"","overlay-opacity":"","overlay-gradient":""}},"ast-content-background-meta":{"desktop":{"background-color":"var(--ast-global-color-4)","background-image":"","background-repeat":"repeat","background-position":"center center","background-size":"auto","background-attachment":"scroll","background-type":"","background-media":"","overlay-type":"","overlay-color":"","overlay-opacity":"","overlay-gradient":""},"tablet":{"background-color":"var(--ast-global-color-4)","background-image":"","background-repeat":"repeat","background-position":"center center","background-size":"auto","background-attachment":"scroll","background-type":"","background-media":"","overlay-type":"","overlay-color":"","overlay-opacity":"","overlay-gradient":""},"mobile":{"background-color":"var(--ast-global-color-4)","background-image":"","background-repeat":"repeat","background-position":"center center","background-size":"auto","background-attachment":"scroll","background-type":"","background-media":"","overlay-type":"","overlay-color":"","overlay-opacity":"","overlay-gradient":""}},"footnotes":""},"class_list":["post-171","page","type-page","status-publish","hentry"],"yoast_head":"<!-- This site is optimized with the Yoast SEO plugin v26.1.1 - https:\/\/yoast.com\/wordpress\/plugins\/seo\/ -->\n<title>POL\u00cdTICA DE PRIVACIDAD - Mandala Genius<\/title>\n<meta name=\"robots\" content=\"index, follow, max-snippet:-1, max-image-preview:large, max-video-preview:-1\" \/>\n<link rel=\"canonical\" href=\"https:\/\/mandalagenius.com\/es\/politica-de-privacidad\/\" \/>\n<meta property=\"og:locale\" content=\"es_ES\" \/>\n<meta property=\"og:type\" content=\"article\" \/>\n<meta property=\"og:title\" content=\"POL\u00cdTICA DE PRIVACIDAD - Mandala Genius\" \/>\n<meta property=\"og:description\" content=\"\u00daltima actualizaci\u00f3n: 10 de octubre de 2025 Pol\u00edtica de Privacidad para&nbsp;MandalaGenius.com Esta Pol\u00edtica de Privacidad describe c\u00f3mo&nbsp;MandalaGenius.com&nbsp;(\u00abnosotros\u00bb, \u00abnuestro\u00bb) recopila, utiliza [&hellip;]\" \/>\n<meta property=\"og:url\" content=\"https:\/\/mandalagenius.com\/es\/politica-de-privacidad\/\" \/>\n<meta property=\"og:site_name\" content=\"Mandala Genius\" \/>\n<meta property=\"article:modified_time\" content=\"2025-10-10T20:15:16+00:00\" \/>\n<meta name=\"twitter:card\" content=\"summary_large_image\" \/>\n<meta name=\"twitter:label1\" content=\"Tiempo de lectura\" \/>\n\t<meta name=\"twitter:data1\" content=\"3 minutos\" \/>\n<script type=\"application\/ld+json\" class=\"yoast-schema-graph\">{\"@context\":\"https:\/\/schema.org\",\"@graph\":[{\"@type\":\"WebPage\",\"@id\":\"https:\/\/mandalagenius.com\/es\/politica-de-privacidad\/\",\"url\":\"https:\/\/mandalagenius.com\/es\/politica-de-privacidad\/\",\"name\":\"POL\u00cdTICA DE PRIVACIDAD - Mandala Genius\",\"isPartOf\":{\"@id\":\"https:\/\/mandalagenius.com\/es\/#website\"},\"datePublished\":\"2025-10-10T19:02:37+00:00\",\"dateModified\":\"2025-10-10T20:15:16+00:00\",\"breadcrumb\":{\"@id\":\"https:\/\/mandalagenius.com\/es\/politica-de-privacidad\/#breadcrumb\"},\"inLanguage\":\"es\",\"potentialAction\":[{\"@type\":\"ReadAction\",\"target\":[\"https:\/\/mandalagenius.com\/es\/politica-de-privacidad\/\"]}]},{\"@type\":\"BreadcrumbList\",\"@id\":\"https:\/\/mandalagenius.com\/es\/politica-de-privacidad\/#breadcrumb\",\"itemListElement\":[{\"@type\":\"ListItem\",\"position\":1,\"name\":\"Home\",\"item\":\"https:\/\/mandalagenius.com\/es\/\"},{\"@type\":\"ListItem\",\"position\":2,\"name\":\"POL\u00cdTICA DE PRIVACIDAD\"}]},{\"@type\":\"WebSite\",\"@id\":\"https:\/\/mandalagenius.com\/es\/#website\",\"url\":\"https:\/\/mandalagenius.com\/es\/\",\"name\":\"Mandala Genius\",\"description\":\"Arte y Esp\u00edritu en Geometr\u00eda Sagrada\",\"publisher\":{\"@id\":\"https:\/\/mandalagenius.com\/es\/#organization\"},\"potentialAction\":[{\"@type\":\"SearchAction\",\"target\":{\"@type\":\"EntryPoint\",\"urlTemplate\":\"https:\/\/mandalagenius.com\/es\/?s={search_term_string}\"},\"query-input\":{\"@type\":\"PropertyValueSpecification\",\"valueRequired\":true,\"valueName\":\"search_term_string\"}}],\"inLanguage\":\"es\"},{\"@type\":\"Organization\",\"@id\":\"https:\/\/mandalagenius.com\/es\/#organization\",\"name\":\"Mandala Genius\",\"url\":\"https:\/\/mandalagenius.com\/es\/\",\"logo\":{\"@type\":\"ImageObject\",\"inLanguage\":\"es\",\"@id\":\"https:\/\/mandalagenius.com\/es\/#\/schema\/logo\/image\/\",\"url\":\"https:\/\/mandalagenius.com\/es\/wp-content\/uploads\/sites\/4\/2025\/04\/cropped-Untitled-design-26.png\",\"contentUrl\":\"https:\/\/mandalagenius.com\/es\/wp-content\/uploads\/sites\/4\/2025\/04\/cropped-Untitled-design-26.png\",\"width\":800,\"height\":804,\"caption\":\"Mandala Genius \"},\"image\":{\"@id\":\"https:\/\/mandalagenius.com\/es\/#\/schema\/logo\/image\/\"}}]}<\/script>\n<!-- \/ Yoast SEO plugin. -->","yoast_head_json":{"title":"POL\u00cdTICA DE PRIVACIDAD - Mandala Genius","robots":{"index":"index","follow":"follow","max-snippet":"max-snippet:-1","max-image-preview":"max-image-preview:large","max-video-preview":"max-video-preview:-1"},"canonical":"https:\/\/mandalagenius.com\/es\/politica-de-privacidad\/","og_locale":"es_ES","og_type":"article","og_title":"POL\u00cdTICA DE PRIVACIDAD - Mandala Genius","og_description":"\u00daltima actualizaci\u00f3n: 10 de octubre de 2025 Pol\u00edtica de Privacidad para&nbsp;MandalaGenius.com Esta Pol\u00edtica de Privacidad describe c\u00f3mo&nbsp;MandalaGenius.com&nbsp;(\u00abnosotros\u00bb, \u00abnuestro\u00bb) recopila, utiliza [&hellip;]","og_url":"https:\/\/mandalagenius.com\/es\/politica-de-privacidad\/","og_site_name":"Mandala Genius","article_modified_time":"2025-10-10T20:15:16+00:00","twitter_card":"summary_large_image","twitter_misc":{"Tiempo de lectura":"3 minutos"},"schema":{"@context":"https:\/\/schema.org","@graph":[{"@type":"WebPage","@id":"https:\/\/mandalagenius.com\/es\/politica-de-privacidad\/","url":"https:\/\/mandalagenius.com\/es\/politica-de-privacidad\/","name":"POL\u00cdTICA DE PRIVACIDAD - Mandala Genius","isPartOf":{"@id":"https:\/\/mandalagenius.com\/es\/#website"},"datePublished":"2025-10-10T19:02:37+00:00","dateModified":"2025-10-10T20:15:16+00:00","breadcrumb":{"@id":"https:\/\/mandalagenius.com\/es\/politica-de-privacidad\/#breadcrumb"},"inLanguage":"es","potentialAction":[{"@type":"ReadAction","target":["https:\/\/mandalagenius.com\/es\/politica-de-privacidad\/"]}]},{"@type":"BreadcrumbList","@id":"https:\/\/mandalagenius.com\/es\/politica-de-privacidad\/#breadcrumb","itemListElement":[{"@type":"ListItem","position":1,"name":"Home","item":"https:\/\/mandalagenius.com\/es\/"},{"@type":"ListItem","position":2,"name":"POL\u00cdTICA DE PRIVACIDAD"}]},{"@type":"WebSite","@id":"https:\/\/mandalagenius.com\/es\/#website","url":"https:\/\/mandalagenius.com\/es\/","name":"Mandala Genius","description":"Arte y Esp\u00edritu en Geometr\u00eda Sagrada","publisher":{"@id":"https:\/\/mandalagenius.com\/es\/#organization"},"potentialAction":[{"@type":"SearchAction","target":{"@type":"EntryPoint","urlTemplate":"https:\/\/mandalagenius.com\/es\/?s={search_term_string}"},"query-input":{"@type":"PropertyValueSpecification","valueRequired":true,"valueName":"search_term_string"}}],"inLanguage":"es"},{"@type":"Organization","@id":"https:\/\/mandalagenius.com\/es\/#organization","name":"Mandala Genius","url":"https:\/\/mandalagenius.com\/es\/","logo":{"@type":"ImageObject","inLanguage":"es","@id":"https:\/\/mandalagenius.com\/es\/#\/schema\/logo\/image\/","url":"https:\/\/mandalagenius.com\/es\/wp-content\/uploads\/sites\/4\/2025\/04\/cropped-Untitled-design-26.png","contentUrl":"https:\/\/mandalagenius.com\/es\/wp-content\/uploads\/sites\/4\/2025\/04\/cropped-Untitled-design-26.png","width":800,"height":804,"caption":"Mandala Genius "},"image":{"@id":"https:\/\/mandalagenius.com\/es\/#\/schema\/logo\/image\/"}}]}},"aioseo_notices":[],"_links":{"self":[{"href":"https:\/\/mandalagenius.com\/es\/wp-json\/wp\/v2\/pages\/171","targetHints":{"allow":["GET"]}}],"collection":[{"href":"https:\/\/mandalagenius.com\/es\/wp-json\/wp\/v2\/pages"}],"about":[{"href":"https:\/\/mandalagenius.com\/es\/wp-json\/wp\/v2\/types\/page"}],"author":[{"embeddable":true,"href":"https:\/\/mandalagenius.com\/es\/wp-json\/wp\/v2\/users\/1"}],"replies":[{"embeddable":true,"href":"https:\/\/mandalagenius.com\/es\/wp-json\/wp\/v2\/comments?post=171"}],"version-history":[{"count":2,"href":"https:\/\/mandalagenius.com\/es\/wp-json\/wp\/v2\/pages\/171\/revisions"}],"predecessor-version":[{"id":180,"href":"https:\/\/mandalagenius.com\/es\/wp-json\/wp\/v2\/pages\/171\/revisions\/180"}],"wp:attachment":[{"href":"https:\/\/mandalagenius.com\/es\/wp-json\/wp\/v2\/media?parent=171"}],"curies":[{"name":"wp","href":"https:\/\/api.w.org\/{rel}","templated":true}]}}